{"id":139,"date":"2023-10-24T14:54:15","date_gmt":"2023-10-24T18:54:15","guid":{"rendered":"https:\/\/pideloya.com.ve\/PixelWeb\/?post_type=product&#038;p=139"},"modified":"2023-10-24T15:48:24","modified_gmt":"2023-10-24T19:48:24","slug":"pi-01-3214-maria-flores","status":"publish","type":"product","link":"https:\/\/pideloya.com.ve\/PixelWeb\/producto\/pi-01-3214-maria-flores\/","title":{"rendered":"Pi 01-3214: Mar\u00eda Flores"},"content":{"rendered":"","protected":false},"excerpt":{"rendered":"<p><strong>Ocupaci\u00f3n: Emprendedora<\/strong><br \/>\n<strong>Telefono Movil: <a href=\"tel:\/\/04127219974\" target=\"_blank\" rel=\"noopener\">Cont\u00e1ctame<\/a>\u00a0<\/strong><\/p>\n<p><strong>Emprendedora apasionada. Transformando la moda y la elegancia. Ofrecemos una exquisita selecci\u00f3n de ropa, lencer\u00eda y prendas de mujer con estilo \u00fanico.<\/strong><\/p>\n<p style=\"text-align: center;\"><strong>Dale Click a mis Redes Sociales:<\/strong><\/p>\n<p style=\"text-align: center;\"><a href=\"https:\/\/www.facebook.com\/profile.php?id=100065141681307&amp;mibextid=ZbWKwL\" target=\"_blank\" rel=\"noopener\"><img decoding=\"async\" class=\"alignnone wp-image-4551\" src=\"https:\/\/www.pideloya.com.ve\/wp-content\/uploads\/2023\/09\/Logo_de_Facebook.png\" alt=\"\" width=\"50\" height=\"50\" \/><\/a><strong><a href=\"https:\/\/instagram.com\/mariayargenis123?igshid=NTc4MTIwNjQ2YQ==\" target=\"_blank\" rel=\"noopener\"><img decoding=\"async\" class=\"alignnone wp-image-4552\" src=\"https:\/\/www.pideloya.com.ve\/wp-content\/uploads\/2023\/09\/Instagram_logo_2016.svg_.png\" alt=\"@Cacaoperlanegra\" width=\"50\" height=\"50\" \/><\/a><\/strong><\/p>\n<p style=\"text-align: center;\"><span style=\"color: #000000;\"><strong>Dale click a mi Tienda Virtual<\/strong><\/span><\/p>\n<p style=\"text-align: center;\"><a href=\"https:\/\/www.pideloya.com.ve\/\" target=\"_blank\" rel=\"noopener\"><strong><img decoding=\"async\" class=\"alignnone wp-image-2187\" src=\"https:\/\/www.pideloya.com.ve\/wp-content\/uploads\/2023\/05\/MANITO-HACIA-ABAJO.jpg\" alt=\"\" width=\"80\" height=\"80\" \/><\/strong><\/a><a href=\"https:\/\/pideloya.com.ve\/PixelWeb\/categoria-producto\/no-hay-tienda\/\" target=\"_blank\" rel=\"noopener\"><img loading=\"lazy\" decoding=\"async\" class=\"wp-image-33 aligncenter\" src=\"https:\/\/pideloya.com.ve\/PixelWeb\/wp-content\/uploads\/2023\/09\/LOGO-CON-NOMBRE-PIDELOYA-3.0-300x256.png\" alt=\"\" width=\"140\" height=\"119\" srcset=\"https:\/\/pideloya.com.ve\/PixelWeb\/wp-content\/uploads\/2023\/09\/LOGO-CON-NOMBRE-PIDELOYA-3.0-300x256.png 300w, https:\/\/pideloya.com.ve\/PixelWeb\/wp-content\/uploads\/2023\/09\/LOGO-CON-NOMBRE-PIDELOYA-3.0-768x656.png 768w, https:\/\/pideloya.com.ve\/PixelWeb\/wp-content\/uploads\/2023\/09\/LOGO-CON-NOMBRE-PIDELOYA-3.0-600x512.png 600w, https:\/\/pideloya.com.ve\/PixelWeb\/wp-content\/uploads\/2023\/09\/LOGO-CON-NOMBRE-PIDELOYA-3.0.png 903w\" sizes=\"(max-width: 140px) 100vw, 140px\" \/><\/a><\/p>\n<p>&nbsp;<\/p>\n","protected":false},"featured_media":140,"comment_status":"open","ping_status":"closed","template":"","meta":[],"product_cat":[19],"product_tag":[],"class_list":{"0":"post-139","1":"product","2":"type-product","3":"status-publish","4":"has-post-thumbnail","6":"product_cat-zpi","8":"first","9":"instock","10":"shipping-taxable","11":"product-type-simple"},"yoast_head":"<!-- This site is optimized with the Yoast SEO plugin v21.3 - https:\/\/yoast.com\/wordpress\/plugins\/seo\/ -->\n<title>Pi 01-3214: Mar\u00eda Flores - PI WEB<\/title>\n<meta name=\"robots\" content=\"index, follow, max-snippet:-1, max-image-preview:large, max-video-preview:-1\" \/>\n<link rel=\"canonical\" href=\"https:\/\/pideloya.com.ve\/PixelWeb\/producto\/pi-01-3214-maria-flores\/\" \/>\n<meta property=\"og:locale\" content=\"es_ES\" \/>\n<meta property=\"og:type\" content=\"article\" \/>\n<meta property=\"og:title\" content=\"Pi 01-3214: Mar\u00eda Flores - PI WEB\" \/>\n<meta property=\"og:description\" content=\"Ocupaci\u00f3n: Emprendedora Telefono Movil: Cont\u00e1ctame\u00a0  Emprendedora apasionada. Transformando la moda y la elegancia. Ofrecemos una exquisita selecci\u00f3n de ropa, lencer\u00eda y prendas de mujer con estilo \u00fanico. Dale Click a mis Redes Sociales:  Dale click a mi Tienda Virtual  &nbsp;\" \/>\n<meta property=\"og:url\" content=\"https:\/\/pideloya.com.ve\/PixelWeb\/producto\/pi-01-3214-maria-flores\/\" \/>\n<meta property=\"og:site_name\" content=\"PI WEB\" \/>\n<meta property=\"article:modified_time\" content=\"2023-10-24T19:48:24+00:00\" \/>\n<meta property=\"og:image\" content=\"https:\/\/pideloya.com.ve\/PixelWeb\/wp-content\/uploads\/2023\/10\/WhatsApp-Image-2023-10-23-at-4.42.39-PM.jpeg\" \/>\n\t<meta property=\"og:image:width\" content=\"474\" \/>\n\t<meta property=\"og:image:height\" content=\"417\" \/>\n\t<meta property=\"og:image:type\" content=\"image\/jpeg\" \/>\n<meta name=\"twitter:card\" content=\"summary_large_image\" \/>\n<script type=\"application\/ld+json\" class=\"yoast-schema-graph\">{\"@context\":\"https:\/\/schema.org\",\"@graph\":[{\"@type\":\"WebPage\",\"@id\":\"https:\/\/pideloya.com.ve\/PixelWeb\/producto\/pi-01-3214-maria-flores\/\",\"url\":\"https:\/\/pideloya.com.ve\/PixelWeb\/producto\/pi-01-3214-maria-flores\/\",\"name\":\"Pi 01-3214: Mar\u00eda Flores - PI WEB\",\"isPartOf\":{\"@id\":\"https:\/\/pideloya.com.ve\/PixelWeb\/#website\"},\"datePublished\":\"2023-10-24T18:54:15+00:00\",\"dateModified\":\"2023-10-24T19:48:24+00:00\",\"breadcrumb\":{\"@id\":\"https:\/\/pideloya.com.ve\/PixelWeb\/producto\/pi-01-3214-maria-flores\/#breadcrumb\"},\"inLanguage\":\"es\",\"potentialAction\":[{\"@type\":\"ReadAction\",\"target\":[\"https:\/\/pideloya.com.ve\/PixelWeb\/producto\/pi-01-3214-maria-flores\/\"]}]},{\"@type\":\"BreadcrumbList\",\"@id\":\"https:\/\/pideloya.com.ve\/PixelWeb\/producto\/pi-01-3214-maria-flores\/#breadcrumb\",\"itemListElement\":[{\"@type\":\"ListItem\",\"position\":1,\"name\":\"Portada\",\"item\":\"https:\/\/pideloya.com.ve\/PixelWeb\/\"},{\"@type\":\"ListItem\",\"position\":2,\"name\":\"Tienda\",\"item\":\"https:\/\/pideloya.com.ve\/PixelWeb\/tienda\/\"},{\"@type\":\"ListItem\",\"position\":3,\"name\":\"Pi 01-3214: Mar\u00eda Flores\"}]},{\"@type\":\"WebSite\",\"@id\":\"https:\/\/pideloya.com.ve\/PixelWeb\/#website\",\"url\":\"https:\/\/pideloya.com.ve\/PixelWeb\/\",\"name\":\"PI WEB\",\"description\":\"\",\"publisher\":{\"@id\":\"https:\/\/pideloya.com.ve\/PixelWeb\/#organization\"},\"potentialAction\":[{\"@type\":\"SearchAction\",\"target\":{\"@type\":\"EntryPoint\",\"urlTemplate\":\"https:\/\/pideloya.com.ve\/PixelWeb\/?s={search_term_string}\"},\"query-input\":\"required name=search_term_string\"}],\"inLanguage\":\"es\"},{\"@type\":\"Organization\",\"@id\":\"https:\/\/pideloya.com.ve\/PixelWeb\/#organization\",\"name\":\"PI WEB\",\"url\":\"https:\/\/pideloya.com.ve\/PixelWeb\/\",\"logo\":{\"@type\":\"ImageObject\",\"inLanguage\":\"es\",\"@id\":\"https:\/\/pideloya.com.ve\/PixelWeb\/#\/schema\/logo\/image\/\",\"url\":\"https:\/\/pideloya.com.ve\/PixelWeb\/wp-content\/uploads\/2023\/09\/Logo-Pideloya-Logo-y-Nombre.png\",\"contentUrl\":\"https:\/\/pideloya.com.ve\/PixelWeb\/wp-content\/uploads\/2023\/09\/Logo-Pideloya-Logo-y-Nombre.png\",\"width\":1763,\"height\":2171,\"caption\":\"PI WEB\"},\"image\":{\"@id\":\"https:\/\/pideloya.com.ve\/PixelWeb\/#\/schema\/logo\/image\/\"}}]}<\/script>\n<!-- \/ Yoast SEO plugin. -->","yoast_head_json":{"title":"Pi 01-3214: Mar\u00eda Flores - PI WEB","robots":{"index":"index","follow":"follow","max-snippet":"max-snippet:-1","max-image-preview":"max-image-preview:large","max-video-preview":"max-video-preview:-1"},"canonical":"https:\/\/pideloya.com.ve\/PixelWeb\/producto\/pi-01-3214-maria-flores\/","og_locale":"es_ES","og_type":"article","og_title":"Pi 01-3214: Mar\u00eda Flores - PI WEB","og_description":"Ocupaci\u00f3n: Emprendedora Telefono Movil: Cont\u00e1ctame\u00a0  Emprendedora apasionada. Transformando la moda y la elegancia. Ofrecemos una exquisita selecci\u00f3n de ropa, lencer\u00eda y prendas de mujer con estilo \u00fanico. Dale Click a mis Redes Sociales:  Dale click a mi Tienda Virtual  &nbsp;","og_url":"https:\/\/pideloya.com.ve\/PixelWeb\/producto\/pi-01-3214-maria-flores\/","og_site_name":"PI WEB","article_modified_time":"2023-10-24T19:48:24+00:00","og_image":[{"width":474,"height":417,"url":"https:\/\/pideloya.com.ve\/PixelWeb\/wp-content\/uploads\/2023\/10\/WhatsApp-Image-2023-10-23-at-4.42.39-PM.jpeg","type":"image\/jpeg"}],"twitter_card":"summary_large_image","schema":{"@context":"https:\/\/schema.org","@graph":[{"@type":"WebPage","@id":"https:\/\/pideloya.com.ve\/PixelWeb\/producto\/pi-01-3214-maria-flores\/","url":"https:\/\/pideloya.com.ve\/PixelWeb\/producto\/pi-01-3214-maria-flores\/","name":"Pi 01-3214: Mar\u00eda Flores - PI WEB","isPartOf":{"@id":"https:\/\/pideloya.com.ve\/PixelWeb\/#website"},"datePublished":"2023-10-24T18:54:15+00:00","dateModified":"2023-10-24T19:48:24+00:00","breadcrumb":{"@id":"https:\/\/pideloya.com.ve\/PixelWeb\/producto\/pi-01-3214-maria-flores\/#breadcrumb"},"inLanguage":"es","potentialAction":[{"@type":"ReadAction","target":["https:\/\/pideloya.com.ve\/PixelWeb\/producto\/pi-01-3214-maria-flores\/"]}]},{"@type":"BreadcrumbList","@id":"https:\/\/pideloya.com.ve\/PixelWeb\/producto\/pi-01-3214-maria-flores\/#breadcrumb","itemListElement":[{"@type":"ListItem","position":1,"name":"Portada","item":"https:\/\/pideloya.com.ve\/PixelWeb\/"},{"@type":"ListItem","position":2,"name":"Tienda","item":"https:\/\/pideloya.com.ve\/PixelWeb\/tienda\/"},{"@type":"ListItem","position":3,"name":"Pi 01-3214: Mar\u00eda Flores"}]},{"@type":"WebSite","@id":"https:\/\/pideloya.com.ve\/PixelWeb\/#website","url":"https:\/\/pideloya.com.ve\/PixelWeb\/","name":"PI WEB","description":"","publisher":{"@id":"https:\/\/pideloya.com.ve\/PixelWeb\/#organization"},"potentialAction":[{"@type":"SearchAction","target":{"@type":"EntryPoint","urlTemplate":"https:\/\/pideloya.com.ve\/PixelWeb\/?s={search_term_string}"},"query-input":"required name=search_term_string"}],"inLanguage":"es"},{"@type":"Organization","@id":"https:\/\/pideloya.com.ve\/PixelWeb\/#organization","name":"PI WEB","url":"https:\/\/pideloya.com.ve\/PixelWeb\/","logo":{"@type":"ImageObject","inLanguage":"es","@id":"https:\/\/pideloya.com.ve\/PixelWeb\/#\/schema\/logo\/image\/","url":"https:\/\/pideloya.com.ve\/PixelWeb\/wp-content\/uploads\/2023\/09\/Logo-Pideloya-Logo-y-Nombre.png","contentUrl":"https:\/\/pideloya.com.ve\/PixelWeb\/wp-content\/uploads\/2023\/09\/Logo-Pideloya-Logo-y-Nombre.png","width":1763,"height":2171,"caption":"PI WEB"},"image":{"@id":"https:\/\/pideloya.com.ve\/PixelWeb\/#\/schema\/logo\/image\/"}}]}},"_links":{"self":[{"href":"https:\/\/pideloya.com.ve\/PixelWeb\/wp-json\/wp\/v2\/product\/139","targetHints":{"allow":["GET"]}}],"collection":[{"href":"https:\/\/pideloya.com.ve\/PixelWeb\/wp-json\/wp\/v2\/product"}],"about":[{"href":"https:\/\/pideloya.com.ve\/PixelWeb\/wp-json\/wp\/v2\/types\/product"}],"replies":[{"embeddable":true,"href":"https:\/\/pideloya.com.ve\/PixelWeb\/wp-json\/wp\/v2\/comments?post=139"}],"wp:featuredmedia":[{"embeddable":true,"href":"https:\/\/pideloya.com.ve\/PixelWeb\/wp-json\/wp\/v2\/media\/140"}],"wp:attachment":[{"href":"https:\/\/pideloya.com.ve\/PixelWeb\/wp-json\/wp\/v2\/media?parent=139"}],"wp:term":[{"taxonomy":"product_cat","embeddable":true,"href":"https:\/\/pideloya.com.ve\/PixelWeb\/wp-json\/wp\/v2\/product_cat?post=139"},{"taxonomy":"product_tag","embeddable":true,"href":"https:\/\/pideloya.com.ve\/PixelWeb\/wp-json\/wp\/v2\/product_tag?post=139"}],"curies":[{"name":"wp","href":"https:\/\/api.w.org\/{rel}","templated":true}]}}