{"id":153,"date":"2023-11-03T12:17:45","date_gmt":"2023-11-03T16:17:45","guid":{"rendered":"https:\/\/pideloya.com.ve\/PixelWeb\/?post_type=product&#038;p=153"},"modified":"2024-06-18T15:54:05","modified_gmt":"2024-06-18T19:54:05","slug":"pi-01-3221-meiker-padron-marymei","status":"publish","type":"product","link":"https:\/\/pideloya.com.ve\/PixelWeb\/producto\/pi-01-3221-meiker-padron-marymei\/","title":{"rendered":"Pi 01-3221: Meiker Padr\u00f3n (Carpinter\u00eda Marymei)"},"content":{"rendered":"","protected":false},"excerpt":{"rendered":"<p><strong>Ocupaci\u00f3n: Carpintero \/ Director<\/strong><br \/>\n<strong>Telefono Movil: <a href=\"tel:\/\/04123711850\" target=\"_blank\" rel=\"noopener\">Cont\u00e1ctame<\/a><\/strong><\/p>\n<p><strong>Soy Director y Fundador de Sum. Y Serv. Marymei, c.a. empresa cuyo objeto principal es la Carpinter\u00eda en General. Con 20 a\u00f1os de experiencia en el \u00e1rea, decid\u00ed conformar un peque\u00f1o equipo para ofrecer servicios de calidad con precios accesibles al ramo, anteponiendo la empat\u00eda y solidaridad con mis clientes, creando el proyecto de financiamiento para las Cocinas empotradas y los Closets. Queriendo dar soluciones est\u00e9ticas a las remodelaciones, o equipamientos del hogar venezolano, iniciando en esta oportunidad, con nuestra GRAN CARACAS.<\/strong><\/p>\n<p style=\"text-align: center;\"><strong>Dale Click a mis Redes Sociales:<\/strong><\/p>\n<p style=\"text-align: center;\"><a href=\"https:\/\/www.facebook.com\/carpentrymarymei?mibextid=ZbWKwL\" target=\"_blank\" rel=\"noopener\"><img decoding=\"async\" class=\"alignnone wp-image-4551\" src=\"https:\/\/www.pideloya.com.ve\/wp-content\/uploads\/2023\/09\/Logo_de_Facebook.png\" alt=\"\" width=\"50\" height=\"50\" \/><\/a><strong><a href=\"https:\/\/www.instagram.com\/carpentrymarymei\/\" target=\"_blank\" rel=\"noopener\"><img decoding=\"async\" class=\"alignnone wp-image-4552\" src=\"https:\/\/www.pideloya.com.ve\/wp-content\/uploads\/2023\/09\/Instagram_logo_2016.svg_.png\" alt=\"@Cacaoperlanegra\" width=\"50\" height=\"50\" \/><\/a><\/strong><a href=\"https:\/\/wa.me\/+5804123711850?text=Estoy%20interesado%20en%20sus%20servicios\" target=\"_blank\" rel=\"noopener\"><img decoding=\"async\" class=\"alignnone wp-image-61\" src=\"https:\/\/pideloya.com.ve\/PixelWeb\/wp-content\/uploads\/2023\/10\/WHATSAPP-LOGO-e1693935504673.png\" alt=\"\" width=\"52\" height=\"52\" srcset=\"https:\/\/pideloya.com.ve\/PixelWeb\/wp-content\/uploads\/2023\/10\/WHATSAPP-LOGO-e1693935504673.png 120w, https:\/\/pideloya.com.ve\/PixelWeb\/wp-content\/uploads\/2023\/10\/WHATSAPP-LOGO-e1693935504673-100x100.png 100w\" sizes=\"(max-width: 52px) 100vw, 52px\" \/><\/a><\/p>\n<p style=\"text-align: center;\"><span style=\"color: #000000;\"><strong>Dale click a mi Tienda Virtual<\/strong><\/span><\/p>\n<p style=\"text-align: center;\"><a href=\"https:\/\/www.pideloya.com.ve\/\" target=\"_blank\" rel=\"noopener\"><strong><img loading=\"lazy\" decoding=\"async\" class=\"alignnone wp-image-2187\" src=\"https:\/\/www.pideloya.com.ve\/wp-content\/uploads\/2023\/05\/MANITO-HACIA-ABAJO.jpg\" alt=\"\" width=\"80\" height=\"80\" \/><\/strong><\/a><a href=\"https:\/\/pideloya.com.ve\/PixelWeb\/categoria-producto\/no-hay-tienda\/\" target=\"_blank\" rel=\"noopener\"><img loading=\"lazy\" decoding=\"async\" class=\"wp-image-33 aligncenter\" src=\"https:\/\/pideloya.com.ve\/PixelWeb\/wp-content\/uploads\/2023\/09\/LOGO-CON-NOMBRE-PIDELOYA-3.0-300x256.png\" alt=\"\" width=\"140\" height=\"119\" srcset=\"https:\/\/pideloya.com.ve\/PixelWeb\/wp-content\/uploads\/2023\/09\/LOGO-CON-NOMBRE-PIDELOYA-3.0-300x256.png 300w, https:\/\/pideloya.com.ve\/PixelWeb\/wp-content\/uploads\/2023\/09\/LOGO-CON-NOMBRE-PIDELOYA-3.0-768x656.png 768w, https:\/\/pideloya.com.ve\/PixelWeb\/wp-content\/uploads\/2023\/09\/LOGO-CON-NOMBRE-PIDELOYA-3.0-600x512.png 600w, https:\/\/pideloya.com.ve\/PixelWeb\/wp-content\/uploads\/2023\/09\/LOGO-CON-NOMBRE-PIDELOYA-3.0.png 903w\" sizes=\"(max-width: 140px) 100vw, 140px\" \/><\/a><\/p>\n<p>&nbsp;<\/p>\n","protected":false},"featured_media":177,"comment_status":"open","ping_status":"closed","template":"","meta":[],"product_cat":[19],"product_tag":[],"class_list":{"0":"post-153","1":"product","2":"type-product","3":"status-publish","4":"has-post-thumbnail","6":"product_cat-zpi","8":"first","9":"instock","10":"shipping-taxable","11":"product-type-simple"},"yoast_head":"<!-- This site is optimized with the Yoast SEO plugin v21.3 - https:\/\/yoast.com\/wordpress\/plugins\/seo\/ -->\n<title>Pi 01-3221: Meiker Padr\u00f3n (Carpinter\u00eda Marymei) - PI WEB<\/title>\n<meta name=\"robots\" content=\"index, follow, max-snippet:-1, max-image-preview:large, max-video-preview:-1\" \/>\n<link rel=\"canonical\" href=\"https:\/\/pideloya.com.ve\/PixelWeb\/producto\/pi-01-3221-meiker-padron-marymei\/\" \/>\n<meta property=\"og:locale\" content=\"es_ES\" \/>\n<meta property=\"og:type\" content=\"article\" \/>\n<meta property=\"og:title\" content=\"Pi 01-3221: Meiker Padr\u00f3n (Carpinter\u00eda Marymei) - PI WEB\" \/>\n<meta property=\"og:description\" content=\"Ocupaci\u00f3n: Carpintero \/ Director Telefono Movil: Cont\u00e1ctame  Soy Director y Fundador de Sum. Y Serv. Marymei, c.a. empresa cuyo objeto principal es la Carpinter\u00eda en General. Con 20 a\u00f1os de experiencia en el \u00e1rea, decid\u00ed conformar un peque\u00f1o equipo para ofrecer servicios de calidad con precios accesibles al ramo, anteponiendo la empat\u00eda y solidaridad con mis clientes, creando el proyecto de financiamiento para las Cocinas empotradas y los Closets. Queriendo dar soluciones est\u00e9ticas a las remodelaciones, o equipamientos del hogar venezolano, iniciando en esta oportunidad, con nuestra GRAN CARACAS. Dale Click a mis Redes Sociales:  Dale click a mi Tienda Virtual  &nbsp;\" \/>\n<meta property=\"og:url\" content=\"https:\/\/pideloya.com.ve\/PixelWeb\/producto\/pi-01-3221-meiker-padron-marymei\/\" \/>\n<meta property=\"og:site_name\" content=\"PI WEB\" \/>\n<meta property=\"article:modified_time\" content=\"2024-06-18T19:54:05+00:00\" \/>\n<meta property=\"og:image\" content=\"https:\/\/pideloya.com.ve\/PixelWeb\/wp-content\/uploads\/2023\/10\/PhotoRoom-20231103_105047.png\" \/>\n\t<meta property=\"og:image:width\" content=\"835\" \/>\n\t<meta property=\"og:image:height\" content=\"821\" \/>\n\t<meta property=\"og:image:type\" content=\"image\/png\" \/>\n<meta name=\"twitter:card\" content=\"summary_large_image\" \/>\n<script type=\"application\/ld+json\" class=\"yoast-schema-graph\">{\"@context\":\"https:\/\/schema.org\",\"@graph\":[{\"@type\":\"WebPage\",\"@id\":\"https:\/\/pideloya.com.ve\/PixelWeb\/producto\/pi-01-3221-meiker-padron-marymei\/\",\"url\":\"https:\/\/pideloya.com.ve\/PixelWeb\/producto\/pi-01-3221-meiker-padron-marymei\/\",\"name\":\"Pi 01-3221: Meiker Padr\u00f3n (Carpinter\u00eda Marymei) - PI WEB\",\"isPartOf\":{\"@id\":\"https:\/\/pideloya.com.ve\/PixelWeb\/#website\"},\"datePublished\":\"2023-11-03T16:17:45+00:00\",\"dateModified\":\"2024-06-18T19:54:05+00:00\",\"breadcrumb\":{\"@id\":\"https:\/\/pideloya.com.ve\/PixelWeb\/producto\/pi-01-3221-meiker-padron-marymei\/#breadcrumb\"},\"inLanguage\":\"es\",\"potentialAction\":[{\"@type\":\"ReadAction\",\"target\":[\"https:\/\/pideloya.com.ve\/PixelWeb\/producto\/pi-01-3221-meiker-padron-marymei\/\"]}]},{\"@type\":\"BreadcrumbList\",\"@id\":\"https:\/\/pideloya.com.ve\/PixelWeb\/producto\/pi-01-3221-meiker-padron-marymei\/#breadcrumb\",\"itemListElement\":[{\"@type\":\"ListItem\",\"position\":1,\"name\":\"Portada\",\"item\":\"https:\/\/pideloya.com.ve\/PixelWeb\/\"},{\"@type\":\"ListItem\",\"position\":2,\"name\":\"Tienda\",\"item\":\"https:\/\/pideloya.com.ve\/PixelWeb\/tienda\/\"},{\"@type\":\"ListItem\",\"position\":3,\"name\":\"Pi 01-3221: Meiker Padr\u00f3n (Carpinter\u00eda Marymei)\"}]},{\"@type\":\"WebSite\",\"@id\":\"https:\/\/pideloya.com.ve\/PixelWeb\/#website\",\"url\":\"https:\/\/pideloya.com.ve\/PixelWeb\/\",\"name\":\"PI WEB\",\"description\":\"\",\"publisher\":{\"@id\":\"https:\/\/pideloya.com.ve\/PixelWeb\/#organization\"},\"potentialAction\":[{\"@type\":\"SearchAction\",\"target\":{\"@type\":\"EntryPoint\",\"urlTemplate\":\"https:\/\/pideloya.com.ve\/PixelWeb\/?s={search_term_string}\"},\"query-input\":\"required name=search_term_string\"}],\"inLanguage\":\"es\"},{\"@type\":\"Organization\",\"@id\":\"https:\/\/pideloya.com.ve\/PixelWeb\/#organization\",\"name\":\"PI WEB\",\"url\":\"https:\/\/pideloya.com.ve\/PixelWeb\/\",\"logo\":{\"@type\":\"ImageObject\",\"inLanguage\":\"es\",\"@id\":\"https:\/\/pideloya.com.ve\/PixelWeb\/#\/schema\/logo\/image\/\",\"url\":\"https:\/\/pideloya.com.ve\/PixelWeb\/wp-content\/uploads\/2023\/09\/Logo-Pideloya-Logo-y-Nombre.png\",\"contentUrl\":\"https:\/\/pideloya.com.ve\/PixelWeb\/wp-content\/uploads\/2023\/09\/Logo-Pideloya-Logo-y-Nombre.png\",\"width\":1763,\"height\":2171,\"caption\":\"PI WEB\"},\"image\":{\"@id\":\"https:\/\/pideloya.com.ve\/PixelWeb\/#\/schema\/logo\/image\/\"}}]}<\/script>\n<!-- \/ Yoast SEO plugin. -->","yoast_head_json":{"title":"Pi 01-3221: Meiker Padr\u00f3n (Carpinter\u00eda Marymei) - PI WEB","robots":{"index":"index","follow":"follow","max-snippet":"max-snippet:-1","max-image-preview":"max-image-preview:large","max-video-preview":"max-video-preview:-1"},"canonical":"https:\/\/pideloya.com.ve\/PixelWeb\/producto\/pi-01-3221-meiker-padron-marymei\/","og_locale":"es_ES","og_type":"article","og_title":"Pi 01-3221: Meiker Padr\u00f3n (Carpinter\u00eda Marymei) - PI WEB","og_description":"Ocupaci\u00f3n: Carpintero \/ Director Telefono Movil: Cont\u00e1ctame  Soy Director y Fundador de Sum. Y Serv. Marymei, c.a. empresa cuyo objeto principal es la Carpinter\u00eda en General. Con 20 a\u00f1os de experiencia en el \u00e1rea, decid\u00ed conformar un peque\u00f1o equipo para ofrecer servicios de calidad con precios accesibles al ramo, anteponiendo la empat\u00eda y solidaridad con mis clientes, creando el proyecto de financiamiento para las Cocinas empotradas y los Closets. Queriendo dar soluciones est\u00e9ticas a las remodelaciones, o equipamientos del hogar venezolano, iniciando en esta oportunidad, con nuestra GRAN CARACAS. Dale Click a mis Redes Sociales:  Dale click a mi Tienda Virtual  &nbsp;","og_url":"https:\/\/pideloya.com.ve\/PixelWeb\/producto\/pi-01-3221-meiker-padron-marymei\/","og_site_name":"PI WEB","article_modified_time":"2024-06-18T19:54:05+00:00","og_image":[{"width":835,"height":821,"url":"https:\/\/pideloya.com.ve\/PixelWeb\/wp-content\/uploads\/2023\/10\/PhotoRoom-20231103_105047.png","type":"image\/png"}],"twitter_card":"summary_large_image","schema":{"@context":"https:\/\/schema.org","@graph":[{"@type":"WebPage","@id":"https:\/\/pideloya.com.ve\/PixelWeb\/producto\/pi-01-3221-meiker-padron-marymei\/","url":"https:\/\/pideloya.com.ve\/PixelWeb\/producto\/pi-01-3221-meiker-padron-marymei\/","name":"Pi 01-3221: Meiker Padr\u00f3n (Carpinter\u00eda Marymei) - PI WEB","isPartOf":{"@id":"https:\/\/pideloya.com.ve\/PixelWeb\/#website"},"datePublished":"2023-11-03T16:17:45+00:00","dateModified":"2024-06-18T19:54:05+00:00","breadcrumb":{"@id":"https:\/\/pideloya.com.ve\/PixelWeb\/producto\/pi-01-3221-meiker-padron-marymei\/#breadcrumb"},"inLanguage":"es","potentialAction":[{"@type":"ReadAction","target":["https:\/\/pideloya.com.ve\/PixelWeb\/producto\/pi-01-3221-meiker-padron-marymei\/"]}]},{"@type":"BreadcrumbList","@id":"https:\/\/pideloya.com.ve\/PixelWeb\/producto\/pi-01-3221-meiker-padron-marymei\/#breadcrumb","itemListElement":[{"@type":"ListItem","position":1,"name":"Portada","item":"https:\/\/pideloya.com.ve\/PixelWeb\/"},{"@type":"ListItem","position":2,"name":"Tienda","item":"https:\/\/pideloya.com.ve\/PixelWeb\/tienda\/"},{"@type":"ListItem","position":3,"name":"Pi 01-3221: Meiker Padr\u00f3n (Carpinter\u00eda Marymei)"}]},{"@type":"WebSite","@id":"https:\/\/pideloya.com.ve\/PixelWeb\/#website","url":"https:\/\/pideloya.com.ve\/PixelWeb\/","name":"PI WEB","description":"","publisher":{"@id":"https:\/\/pideloya.com.ve\/PixelWeb\/#organization"},"potentialAction":[{"@type":"SearchAction","target":{"@type":"EntryPoint","urlTemplate":"https:\/\/pideloya.com.ve\/PixelWeb\/?s={search_term_string}"},"query-input":"required name=search_term_string"}],"inLanguage":"es"},{"@type":"Organization","@id":"https:\/\/pideloya.com.ve\/PixelWeb\/#organization","name":"PI WEB","url":"https:\/\/pideloya.com.ve\/PixelWeb\/","logo":{"@type":"ImageObject","inLanguage":"es","@id":"https:\/\/pideloya.com.ve\/PixelWeb\/#\/schema\/logo\/image\/","url":"https:\/\/pideloya.com.ve\/PixelWeb\/wp-content\/uploads\/2023\/09\/Logo-Pideloya-Logo-y-Nombre.png","contentUrl":"https:\/\/pideloya.com.ve\/PixelWeb\/wp-content\/uploads\/2023\/09\/Logo-Pideloya-Logo-y-Nombre.png","width":1763,"height":2171,"caption":"PI WEB"},"image":{"@id":"https:\/\/pideloya.com.ve\/PixelWeb\/#\/schema\/logo\/image\/"}}]}},"_links":{"self":[{"href":"https:\/\/pideloya.com.ve\/PixelWeb\/wp-json\/wp\/v2\/product\/153","targetHints":{"allow":["GET"]}}],"collection":[{"href":"https:\/\/pideloya.com.ve\/PixelWeb\/wp-json\/wp\/v2\/product"}],"about":[{"href":"https:\/\/pideloya.com.ve\/PixelWeb\/wp-json\/wp\/v2\/types\/product"}],"replies":[{"embeddable":true,"href":"https:\/\/pideloya.com.ve\/PixelWeb\/wp-json\/wp\/v2\/comments?post=153"}],"wp:featuredmedia":[{"embeddable":true,"href":"https:\/\/pideloya.com.ve\/PixelWeb\/wp-json\/wp\/v2\/media\/177"}],"wp:attachment":[{"href":"https:\/\/pideloya.com.ve\/PixelWeb\/wp-json\/wp\/v2\/media?parent=153"}],"wp:term":[{"taxonomy":"product_cat","embeddable":true,"href":"https:\/\/pideloya.com.ve\/PixelWeb\/wp-json\/wp\/v2\/product_cat?post=153"},{"taxonomy":"product_tag","embeddable":true,"href":"https:\/\/pideloya.com.ve\/PixelWeb\/wp-json\/wp\/v2\/product_tag?post=153"}],"curies":[{"name":"wp","href":"https:\/\/api.w.org\/{rel}","templated":true}]}}