{"id":154,"date":"2023-10-31T10:04:30","date_gmt":"2023-10-31T14:04:30","guid":{"rendered":"https:\/\/pideloya.com.ve\/PixelWeb\/?post_type=product&#038;p=154"},"modified":"2025-10-25T08:04:52","modified_gmt":"2025-10-25T12:04:52","slug":"pi-01-3222-juana-madera","status":"publish","type":"product","link":"https:\/\/pideloya.com.ve\/PixelWeb\/producto\/pi-01-3222-juana-madera\/","title":{"rendered":"Pi 01-3222: Juana Madera"},"content":{"rendered":"<p><strong>Para poder contactar directamente al usuario del (PI) por Email, es fundamental contar con una aplicaci\u00f3n de correo electr\u00f3nico en su sistema operativo. Puede optar por utilizar programas de correo como Microsoft Outlook en Windows o el navegador Firefox.<\/strong><\/p>\n<p><strong> Alternativamente, si prefiere otra soluci\u00f3n, puede simplemente escanear el C\u00f3digo Qr que lo redireccionara a este mismo sitio y puede enviar el correo desde su Tel\u00e9fono Inteligente.<\/strong><\/p>\n<p><img decoding=\"async\" class=\"alignnone wp-image-199 size-medium\" src=\"https:\/\/pideloya.com.ve\/PixelWeb\/wp-content\/uploads\/2023\/10\/November7-020206PM-300x300.png\" alt=\"\" width=\"150\" height=\"150\" srcset=\"https:\/\/pideloya.com.ve\/PixelWeb\/wp-content\/uploads\/2023\/10\/November7-020206PM-300x300.png 300w, https:\/\/pideloya.com.ve\/PixelWeb\/wp-content\/uploads\/2023\/10\/November7-020206PM-150x150.png 150w, https:\/\/pideloya.com.ve\/PixelWeb\/wp-content\/uploads\/2023\/10\/November7-020206PM-768x768.png 768w, https:\/\/pideloya.com.ve\/PixelWeb\/wp-content\/uploads\/2023\/10\/November7-020206PM-600x600.png 600w, https:\/\/pideloya.com.ve\/PixelWeb\/wp-content\/uploads\/2023\/10\/November7-020206PM-100x100.png 100w, https:\/\/pideloya.com.ve\/PixelWeb\/wp-content\/uploads\/2023\/10\/November7-020206PM.png 800w\" sizes=\"(max-width: 150px) 100vw, 150px\" \/><\/p>\n<p><strong>S\u00ed cuenta con alguna de estas ociones dar click a la imagen<\/strong><\/p>\n<p><a href=\"mailto:juanamadera87@gmail.com?Subject=Solicitud%20de%20servicio\" target=\"_blank\" rel=\"noopener\"><img decoding=\"async\" class=\"alignnone wp-image-4659\" src=\"https:\/\/www.pideloya.com.ve\/wp-content\/uploads\/2023\/09\/PhotoRoom-20230928_113249.png\" alt=\"\" width=\"80\" height=\"80\" \/><\/a><\/p>\n","protected":false},"excerpt":{"rendered":"<p><strong>Ocupaci\u00f3n: Comerciante<\/strong><br \/>\n<strong>Telefono Movil: <a href=\"tel:\/\/04125647026\" target=\"_blank\" rel=\"noopener\">Cont\u00e1ctame<\/a>\u00a0<\/strong><\/p>\n<p><strong>Soy una comerciante y estoy al frente de una tienda que es mucho m\u00e1s que un simple comercio. En mi espacio, te ofrezco v\u00edveres frescos, productos esenciales para el hogar y tentempi\u00e9s irresistibles. Lo que hace que mi tienda sea especial es el compromiso con la calidad. Cada producto que selecciono est\u00e1 pensado para satisfacer tus necesidades diarias. Mi objetivo es brindarte una experiencia de compra que sea a la vez c\u00f3moda y placentera. \u00a1Espero que nos visites pronto y descubras lo que hace que mi tienda sea \u00fanica!<\/strong><\/p>\n<p style=\"text-align: center;\"><strong>Dale Click a mis Redes Sociales:<\/strong><\/p>\n<p style=\"text-align: center;\"><a href=\"https:\/\/wa.me\/+5804125647026?text=Estoy%20interesado%20en%20sus%20servicios\" target=\"_blank\" rel=\"noopener\"><img decoding=\"async\" class=\"alignnone wp-image-61\" src=\"https:\/\/pideloya.com.ve\/PixelWeb\/wp-content\/uploads\/2023\/10\/WHATSAPP-LOGO-e1693935504673.png\" alt=\"\" width=\"52\" height=\"52\" srcset=\"https:\/\/pideloya.com.ve\/PixelWeb\/wp-content\/uploads\/2023\/10\/WHATSAPP-LOGO-e1693935504673.png 120w, https:\/\/pideloya.com.ve\/PixelWeb\/wp-content\/uploads\/2023\/10\/WHATSAPP-LOGO-e1693935504673-100x100.png 100w\" sizes=\"(max-width: 52px) 100vw, 52px\" \/><\/a><strong><a href=\"https:\/\/www.instagram.com\/juana.madera.927\/\" target=\"_blank\" rel=\"noopener\"><img loading=\"lazy\" decoding=\"async\" class=\"alignnone wp-image-4552\" src=\"https:\/\/www.pideloya.com.ve\/wp-content\/uploads\/2023\/09\/Instagram_logo_2016.svg_.png\" alt=\"@Cacaoperlanegra\" width=\"50\" height=\"50\" \/><\/a><a href=\"https:\/\/www.facebook.com\/juana.madera.927\/\" target=\"_blank\" rel=\"noopener\"><img loading=\"lazy\" decoding=\"async\" class=\"alignnone wp-image-4551\" src=\"https:\/\/www.pideloya.com.ve\/wp-content\/uploads\/2023\/09\/Logo_de_Facebook.png\" alt=\"\" width=\"50\" height=\"50\" \/><\/a><a href=\"#redirige-aqui\"><img loading=\"lazy\" decoding=\"async\" class=\"alignnone wp-image-4659\" src=\"https:\/\/www.pideloya.com.ve\/wp-content\/uploads\/2023\/09\/PhotoRoom-20230928_113249.png\" alt=\"\" width=\"50\" height=\"50\" \/><\/a><\/strong><\/p>\n<p id=\"redirige-aqui\" style=\"text-align: center;\"><strong>Dale click a mi Tienda Virtual<\/strong><\/p>\n<p style=\"text-align: center;\"><a href=\"https:\/\/www.pideloya.com.ve\/\" target=\"_blank\" rel=\"noopener\"><strong><img loading=\"lazy\" decoding=\"async\" class=\"alignnone wp-image-2187\" src=\"https:\/\/www.pideloya.com.ve\/wp-content\/uploads\/2023\/05\/MANITO-HACIA-ABAJO.jpg\" alt=\"\" width=\"80\" height=\"80\" \/><\/strong><\/a><a href=\"https:\/\/pideloya.com.ve\/PixelWeb\/categoria-producto\/no-hay-tienda\/\" target=\"_blank\" rel=\"noopener\"><img loading=\"lazy\" decoding=\"async\" class=\"wp-image-33 aligncenter\" src=\"https:\/\/pideloya.com.ve\/PixelWeb\/wp-content\/uploads\/2023\/09\/LOGO-CON-NOMBRE-PIDELOYA-3.0-300x256.png\" alt=\"\" width=\"140\" height=\"119\" srcset=\"https:\/\/pideloya.com.ve\/PixelWeb\/wp-content\/uploads\/2023\/09\/LOGO-CON-NOMBRE-PIDELOYA-3.0-300x256.png 300w, https:\/\/pideloya.com.ve\/PixelWeb\/wp-content\/uploads\/2023\/09\/LOGO-CON-NOMBRE-PIDELOYA-3.0-768x656.png 768w, https:\/\/pideloya.com.ve\/PixelWeb\/wp-content\/uploads\/2023\/09\/LOGO-CON-NOMBRE-PIDELOYA-3.0-600x512.png 600w, https:\/\/pideloya.com.ve\/PixelWeb\/wp-content\/uploads\/2023\/09\/LOGO-CON-NOMBRE-PIDELOYA-3.0.png 903w\" sizes=\"(max-width: 140px) 100vw, 140px\" \/><\/a><\/p>\n<p>&nbsp;<\/p>\n","protected":false},"featured_media":181,"comment_status":"open","ping_status":"closed","template":"","meta":[],"product_cat":[19],"product_tag":[],"class_list":{"0":"post-154","1":"product","2":"type-product","3":"status-publish","4":"has-post-thumbnail","6":"product_cat-zpi","8":"first","9":"instock","10":"shipping-taxable","11":"product-type-simple"},"yoast_head":"<!-- This site is optimized with the Yoast SEO plugin v21.3 - https:\/\/yoast.com\/wordpress\/plugins\/seo\/ -->\n<title>Pi 01-3222: Juana Madera - PI WEB<\/title>\n<meta name=\"robots\" content=\"index, follow, max-snippet:-1, max-image-preview:large, max-video-preview:-1\" \/>\n<link rel=\"canonical\" href=\"https:\/\/pideloya.com.ve\/PixelWeb\/producto\/pi-01-3222-juana-madera\/\" \/>\n<meta property=\"og:locale\" content=\"es_ES\" \/>\n<meta property=\"og:type\" content=\"article\" \/>\n<meta property=\"og:title\" content=\"Pi 01-3222: Juana Madera - PI WEB\" \/>\n<meta property=\"og:description\" content=\"Ocupaci\u00f3n: Comerciante Telefono Movil: Cont\u00e1ctame\u00a0  Soy una comerciante y estoy al frente de una tienda que es mucho m\u00e1s que un simple comercio. En mi espacio, te ofrezco v\u00edveres frescos, productos esenciales para el hogar y tentempi\u00e9s irresistibles. Lo que hace que mi tienda sea especial es el compromiso con la calidad. Cada producto que selecciono est\u00e1 pensado para satisfacer tus necesidades diarias. Mi objetivo es brindarte una experiencia de compra que sea a la vez c\u00f3moda y placentera. \u00a1Espero que nos visites pronto y descubras lo que hace que mi tienda sea \u00fanica! Dale Click a mis Redes Sociales:  Dale click a mi Tienda Virtual  &nbsp;\" \/>\n<meta property=\"og:url\" content=\"https:\/\/pideloya.com.ve\/PixelWeb\/producto\/pi-01-3222-juana-madera\/\" \/>\n<meta property=\"og:site_name\" content=\"PI WEB\" \/>\n<meta property=\"article:modified_time\" content=\"2025-10-25T12:04:52+00:00\" \/>\n<meta property=\"og:image\" content=\"https:\/\/pideloya.com.ve\/PixelWeb\/wp-content\/uploads\/2023\/10\/Documento-77_1.jpg\" \/>\n\t<meta property=\"og:image:width\" content=\"350\" \/>\n\t<meta property=\"og:image:height\" content=\"205\" \/>\n\t<meta property=\"og:image:type\" content=\"image\/jpeg\" \/>\n<meta name=\"twitter:card\" content=\"summary_large_image\" \/>\n<meta name=\"twitter:label1\" content=\"Tiempo estimado de lectura\" \/>\n\t<meta name=\"twitter:data1\" content=\"1 minuto\" \/>\n<script type=\"application\/ld+json\" class=\"yoast-schema-graph\">{\"@context\":\"https:\/\/schema.org\",\"@graph\":[{\"@type\":\"WebPage\",\"@id\":\"https:\/\/pideloya.com.ve\/PixelWeb\/producto\/pi-01-3222-juana-madera\/\",\"url\":\"https:\/\/pideloya.com.ve\/PixelWeb\/producto\/pi-01-3222-juana-madera\/\",\"name\":\"Pi 01-3222: Juana Madera - PI WEB\",\"isPartOf\":{\"@id\":\"https:\/\/pideloya.com.ve\/PixelWeb\/#website\"},\"datePublished\":\"2023-10-31T14:04:30+00:00\",\"dateModified\":\"2025-10-25T12:04:52+00:00\",\"breadcrumb\":{\"@id\":\"https:\/\/pideloya.com.ve\/PixelWeb\/producto\/pi-01-3222-juana-madera\/#breadcrumb\"},\"inLanguage\":\"es\",\"potentialAction\":[{\"@type\":\"ReadAction\",\"target\":[\"https:\/\/pideloya.com.ve\/PixelWeb\/producto\/pi-01-3222-juana-madera\/\"]}]},{\"@type\":\"BreadcrumbList\",\"@id\":\"https:\/\/pideloya.com.ve\/PixelWeb\/producto\/pi-01-3222-juana-madera\/#breadcrumb\",\"itemListElement\":[{\"@type\":\"ListItem\",\"position\":1,\"name\":\"Portada\",\"item\":\"https:\/\/pideloya.com.ve\/PixelWeb\/\"},{\"@type\":\"ListItem\",\"position\":2,\"name\":\"Tienda\",\"item\":\"https:\/\/pideloya.com.ve\/PixelWeb\/tienda\/\"},{\"@type\":\"ListItem\",\"position\":3,\"name\":\"Pi 01-3222: Juana Madera\"}]},{\"@type\":\"WebSite\",\"@id\":\"https:\/\/pideloya.com.ve\/PixelWeb\/#website\",\"url\":\"https:\/\/pideloya.com.ve\/PixelWeb\/\",\"name\":\"PI WEB\",\"description\":\"\",\"publisher\":{\"@id\":\"https:\/\/pideloya.com.ve\/PixelWeb\/#organization\"},\"potentialAction\":[{\"@type\":\"SearchAction\",\"target\":{\"@type\":\"EntryPoint\",\"urlTemplate\":\"https:\/\/pideloya.com.ve\/PixelWeb\/?s={search_term_string}\"},\"query-input\":\"required name=search_term_string\"}],\"inLanguage\":\"es\"},{\"@type\":\"Organization\",\"@id\":\"https:\/\/pideloya.com.ve\/PixelWeb\/#organization\",\"name\":\"PI WEB\",\"url\":\"https:\/\/pideloya.com.ve\/PixelWeb\/\",\"logo\":{\"@type\":\"ImageObject\",\"inLanguage\":\"es\",\"@id\":\"https:\/\/pideloya.com.ve\/PixelWeb\/#\/schema\/logo\/image\/\",\"url\":\"https:\/\/pideloya.com.ve\/PixelWeb\/wp-content\/uploads\/2023\/09\/Logo-Pideloya-Logo-y-Nombre.png\",\"contentUrl\":\"https:\/\/pideloya.com.ve\/PixelWeb\/wp-content\/uploads\/2023\/09\/Logo-Pideloya-Logo-y-Nombre.png\",\"width\":1763,\"height\":2171,\"caption\":\"PI WEB\"},\"image\":{\"@id\":\"https:\/\/pideloya.com.ve\/PixelWeb\/#\/schema\/logo\/image\/\"}}]}<\/script>\n<!-- \/ Yoast SEO plugin. -->","yoast_head_json":{"title":"Pi 01-3222: Juana Madera - PI WEB","robots":{"index":"index","follow":"follow","max-snippet":"max-snippet:-1","max-image-preview":"max-image-preview:large","max-video-preview":"max-video-preview:-1"},"canonical":"https:\/\/pideloya.com.ve\/PixelWeb\/producto\/pi-01-3222-juana-madera\/","og_locale":"es_ES","og_type":"article","og_title":"Pi 01-3222: Juana Madera - PI WEB","og_description":"Ocupaci\u00f3n: Comerciante Telefono Movil: Cont\u00e1ctame\u00a0  Soy una comerciante y estoy al frente de una tienda que es mucho m\u00e1s que un simple comercio. En mi espacio, te ofrezco v\u00edveres frescos, productos esenciales para el hogar y tentempi\u00e9s irresistibles. Lo que hace que mi tienda sea especial es el compromiso con la calidad. Cada producto que selecciono est\u00e1 pensado para satisfacer tus necesidades diarias. Mi objetivo es brindarte una experiencia de compra que sea a la vez c\u00f3moda y placentera. \u00a1Espero que nos visites pronto y descubras lo que hace que mi tienda sea \u00fanica! Dale Click a mis Redes Sociales:  Dale click a mi Tienda Virtual  &nbsp;","og_url":"https:\/\/pideloya.com.ve\/PixelWeb\/producto\/pi-01-3222-juana-madera\/","og_site_name":"PI WEB","article_modified_time":"2025-10-25T12:04:52+00:00","og_image":[{"width":350,"height":205,"url":"https:\/\/pideloya.com.ve\/PixelWeb\/wp-content\/uploads\/2023\/10\/Documento-77_1.jpg","type":"image\/jpeg"}],"twitter_card":"summary_large_image","twitter_misc":{"Tiempo estimado de lectura":"1 minuto"},"schema":{"@context":"https:\/\/schema.org","@graph":[{"@type":"WebPage","@id":"https:\/\/pideloya.com.ve\/PixelWeb\/producto\/pi-01-3222-juana-madera\/","url":"https:\/\/pideloya.com.ve\/PixelWeb\/producto\/pi-01-3222-juana-madera\/","name":"Pi 01-3222: Juana Madera - PI WEB","isPartOf":{"@id":"https:\/\/pideloya.com.ve\/PixelWeb\/#website"},"datePublished":"2023-10-31T14:04:30+00:00","dateModified":"2025-10-25T12:04:52+00:00","breadcrumb":{"@id":"https:\/\/pideloya.com.ve\/PixelWeb\/producto\/pi-01-3222-juana-madera\/#breadcrumb"},"inLanguage":"es","potentialAction":[{"@type":"ReadAction","target":["https:\/\/pideloya.com.ve\/PixelWeb\/producto\/pi-01-3222-juana-madera\/"]}]},{"@type":"BreadcrumbList","@id":"https:\/\/pideloya.com.ve\/PixelWeb\/producto\/pi-01-3222-juana-madera\/#breadcrumb","itemListElement":[{"@type":"ListItem","position":1,"name":"Portada","item":"https:\/\/pideloya.com.ve\/PixelWeb\/"},{"@type":"ListItem","position":2,"name":"Tienda","item":"https:\/\/pideloya.com.ve\/PixelWeb\/tienda\/"},{"@type":"ListItem","position":3,"name":"Pi 01-3222: Juana Madera"}]},{"@type":"WebSite","@id":"https:\/\/pideloya.com.ve\/PixelWeb\/#website","url":"https:\/\/pideloya.com.ve\/PixelWeb\/","name":"PI WEB","description":"","publisher":{"@id":"https:\/\/pideloya.com.ve\/PixelWeb\/#organization"},"potentialAction":[{"@type":"SearchAction","target":{"@type":"EntryPoint","urlTemplate":"https:\/\/pideloya.com.ve\/PixelWeb\/?s={search_term_string}"},"query-input":"required name=search_term_string"}],"inLanguage":"es"},{"@type":"Organization","@id":"https:\/\/pideloya.com.ve\/PixelWeb\/#organization","name":"PI WEB","url":"https:\/\/pideloya.com.ve\/PixelWeb\/","logo":{"@type":"ImageObject","inLanguage":"es","@id":"https:\/\/pideloya.com.ve\/PixelWeb\/#\/schema\/logo\/image\/","url":"https:\/\/pideloya.com.ve\/PixelWeb\/wp-content\/uploads\/2023\/09\/Logo-Pideloya-Logo-y-Nombre.png","contentUrl":"https:\/\/pideloya.com.ve\/PixelWeb\/wp-content\/uploads\/2023\/09\/Logo-Pideloya-Logo-y-Nombre.png","width":1763,"height":2171,"caption":"PI WEB"},"image":{"@id":"https:\/\/pideloya.com.ve\/PixelWeb\/#\/schema\/logo\/image\/"}}]}},"_links":{"self":[{"href":"https:\/\/pideloya.com.ve\/PixelWeb\/wp-json\/wp\/v2\/product\/154","targetHints":{"allow":["GET"]}}],"collection":[{"href":"https:\/\/pideloya.com.ve\/PixelWeb\/wp-json\/wp\/v2\/product"}],"about":[{"href":"https:\/\/pideloya.com.ve\/PixelWeb\/wp-json\/wp\/v2\/types\/product"}],"replies":[{"embeddable":true,"href":"https:\/\/pideloya.com.ve\/PixelWeb\/wp-json\/wp\/v2\/comments?post=154"}],"wp:featuredmedia":[{"embeddable":true,"href":"https:\/\/pideloya.com.ve\/PixelWeb\/wp-json\/wp\/v2\/media\/181"}],"wp:attachment":[{"href":"https:\/\/pideloya.com.ve\/PixelWeb\/wp-json\/wp\/v2\/media?parent=154"}],"wp:term":[{"taxonomy":"product_cat","embeddable":true,"href":"https:\/\/pideloya.com.ve\/PixelWeb\/wp-json\/wp\/v2\/product_cat?post=154"},{"taxonomy":"product_tag","embeddable":true,"href":"https:\/\/pideloya.com.ve\/PixelWeb\/wp-json\/wp\/v2\/product_tag?post=154"}],"curies":[{"name":"wp","href":"https:\/\/api.w.org\/{rel}","templated":true}]}}