{"id":156,"date":"2023-10-31T10:04:35","date_gmt":"2023-10-31T14:04:35","guid":{"rendered":"https:\/\/pideloya.com.ve\/PixelWeb\/?post_type=product&#038;p=156"},"modified":"2024-06-18T11:13:22","modified_gmt":"2024-06-18T15:13:22","slug":"pi-01-3224-marlin-paduani-cafe-con-fe","status":"publish","type":"product","link":"https:\/\/pideloya.com.ve\/PixelWeb\/producto\/pi-01-3224-marlin-paduani-cafe-con-fe\/","title":{"rendered":"Pi 01-3224: Marlin Paduani (Caf\u00e9 con Fe)"},"content":{"rendered":"","protected":false},"excerpt":{"rendered":"<p><strong>Ocupaci\u00f3n: Gastronom\u00eda y Postres<\/strong><br \/>\n<strong>Telefono Movil: <a href=\"tel:\/\/04123624902\" target=\"_blank\" rel=\"noopener\">Cont\u00e1ctame<\/a>\u00a0<\/strong><\/p>\n<p data-sourcepos=\"1:1-1:115\"><strong>\u00bfBuscas un lugar donde disfrutar de un delicioso postre y una bebida refrescante? \u00a1Ven a Caf\u00e9 co Fe! Estamos ubicados en la Av. Ppal de la Urb. 27 de Febrero, Bloque 40.<\/strong><\/p>\n<p data-sourcepos=\"3:1-3:228\"><strong>En nuestro local, encontrar\u00e1s una gran variedad de opciones para todos los gustos. Desde nuestros famosos caf\u00e9s, que te despertar\u00e1n por la ma\u00f1ana, hasta nuestras deliciosas barquillas, que te encantar\u00e1n a cualquier hora del d\u00eda.<\/strong><\/p>\n<p data-sourcepos=\"5:1-5:184\"><strong>Tambi\u00e9n tenemos una amplia selecci\u00f3n de postres, perfectos para compartir en familia o con amigos. Prueba nuestros brownies helados, waffles con fresas o teque\u00f1os, \u00a1no te arrepentir\u00e1s!<\/strong><\/p>\n<p data-sourcepos=\"7:1-7:97\"><strong>Y para los m\u00e1s peque\u00f1os, tenemos una secci\u00f3n especial de helados y paletas. \u00a1Ser\u00e1n sus favoritos!<\/strong><\/p>\n<p data-sourcepos=\"9:1-9:100\"><strong>Adem\u00e1s, nuestro ambiente familiar te har\u00e1 sentir como en casa. \u00a1Ven a visitarnos y d\u00e9jate consentir!<\/strong><\/p>\n<p data-sourcepos=\"11:1-11:44\"><strong>\u00a1Un caf\u00e9 te despierta, la fe te levanta!<\/strong><\/p>\n<p style=\"text-align: center;\"><strong>Dale Click a mis Redes Sociales:<\/strong><\/p>\n<p style=\"text-align: center;\"><strong><a href=\"https:\/\/www.instagram.com\/cafe_con_fe_postres\/\" target=\"_blank\" rel=\"noopener\"><img decoding=\"async\" class=\"alignnone wp-image-4552\" src=\"https:\/\/www.pideloya.com.ve\/wp-content\/uploads\/2023\/09\/Instagram_logo_2016.svg_.png\" alt=\"@Cacaoperlanegra\" width=\"50\" height=\"50\" \/><\/a><\/strong><a href=\"https:\/\/wa.me\/+5804123624902?text=Estoy%20interesado%20en%20sus%20servicios\" target=\"_blank\" rel=\"noopener\"><img decoding=\"async\" class=\"alignnone wp-image-61\" src=\"https:\/\/pideloya.com.ve\/PixelWeb\/wp-content\/uploads\/2023\/10\/WHATSAPP-LOGO-e1693935504673.png\" alt=\"\" width=\"52\" height=\"52\" srcset=\"https:\/\/pideloya.com.ve\/PixelWeb\/wp-content\/uploads\/2023\/10\/WHATSAPP-LOGO-e1693935504673.png 120w, https:\/\/pideloya.com.ve\/PixelWeb\/wp-content\/uploads\/2023\/10\/WHATSAPP-LOGO-e1693935504673-100x100.png 100w\" sizes=\"(max-width: 52px) 100vw, 52px\" \/><\/a><\/p>\n<p style=\"text-align: center;\"><span style=\"color: #000000;\"><strong>Dale click a mi Tienda Virtual<\/strong><\/span><\/p>\n<p style=\"text-align: center;\"><a href=\"https:\/\/www.pideloya.com.ve\/\" target=\"_blank\" rel=\"noopener\"><strong><img decoding=\"async\" class=\"alignnone wp-image-2187\" src=\"https:\/\/www.pideloya.com.ve\/wp-content\/uploads\/2023\/05\/MANITO-HACIA-ABAJO.jpg\" alt=\"\" width=\"80\" height=\"80\" \/><\/strong><\/a><a href=\"https:\/\/pideloya.com.ve\/PixelWeb\/categoria-producto\/no-hay-tienda\/\" target=\"_blank\" rel=\"noopener\"><img loading=\"lazy\" decoding=\"async\" class=\"wp-image-33 aligncenter\" src=\"https:\/\/pideloya.com.ve\/PixelWeb\/wp-content\/uploads\/2023\/09\/LOGO-CON-NOMBRE-PIDELOYA-3.0-300x256.png\" alt=\"\" width=\"140\" height=\"119\" srcset=\"https:\/\/pideloya.com.ve\/PixelWeb\/wp-content\/uploads\/2023\/09\/LOGO-CON-NOMBRE-PIDELOYA-3.0-300x256.png 300w, https:\/\/pideloya.com.ve\/PixelWeb\/wp-content\/uploads\/2023\/09\/LOGO-CON-NOMBRE-PIDELOYA-3.0-768x656.png 768w, https:\/\/pideloya.com.ve\/PixelWeb\/wp-content\/uploads\/2023\/09\/LOGO-CON-NOMBRE-PIDELOYA-3.0-600x512.png 600w, https:\/\/pideloya.com.ve\/PixelWeb\/wp-content\/uploads\/2023\/09\/LOGO-CON-NOMBRE-PIDELOYA-3.0.png 903w\" sizes=\"(max-width: 140px) 100vw, 140px\" \/><\/a><\/p>\n<p>&nbsp;<\/p>\n","protected":false},"featured_media":212,"comment_status":"open","ping_status":"closed","template":"","meta":[],"product_cat":[19],"product_tag":[],"class_list":{"0":"post-156","1":"product","2":"type-product","3":"status-publish","4":"has-post-thumbnail","6":"product_cat-zpi","8":"first","9":"instock","10":"shipping-taxable","11":"product-type-simple"},"yoast_head":"<!-- This site is optimized with the Yoast SEO plugin v21.3 - https:\/\/yoast.com\/wordpress\/plugins\/seo\/ -->\n<title>Pi 01-3224: Marlin Paduani (Caf\u00e9 con Fe) - PI WEB<\/title>\n<meta name=\"robots\" content=\"index, follow, max-snippet:-1, max-image-preview:large, max-video-preview:-1\" \/>\n<link rel=\"canonical\" href=\"https:\/\/pideloya.com.ve\/PixelWeb\/producto\/pi-01-3224-marlin-paduani-cafe-con-fe\/\" \/>\n<meta property=\"og:locale\" content=\"es_ES\" \/>\n<meta property=\"og:type\" content=\"article\" \/>\n<meta property=\"og:title\" content=\"Pi 01-3224: Marlin Paduani (Caf\u00e9 con Fe) - PI WEB\" \/>\n<meta property=\"og:description\" content=\"Ocupaci\u00f3n: Gastronom\u00eda y Postres Telefono Movil: Cont\u00e1ctame\u00a0 \u00bfBuscas un lugar donde disfrutar de un delicioso postre y una bebida refrescante? \u00a1Ven a Caf\u00e9 co Fe! Estamos ubicados en la Av. Ppal de la Urb. 27 de Febrero, Bloque 40. En nuestro local, encontrar\u00e1s una gran variedad de opciones para todos los gustos. Desde nuestros famosos caf\u00e9s, que te despertar\u00e1n por la ma\u00f1ana, hasta nuestras deliciosas barquillas, que te encantar\u00e1n a cualquier hora del d\u00eda. Tambi\u00e9n tenemos una amplia selecci\u00f3n de postres, perfectos para compartir en familia o con amigos. Prueba nuestros brownies helados, waffles con fresas o teque\u00f1os, \u00a1no te arrepentir\u00e1s! Y para los m\u00e1s peque\u00f1os, tenemos una secci\u00f3n especial de helados y paletas. \u00a1Ser\u00e1n sus favoritos! Adem\u00e1s, nuestro ambiente familiar te har\u00e1 sentir como en casa. \u00a1Ven a visitarnos y d\u00e9jate consentir! \u00a1Un caf\u00e9 te despierta, la fe te levanta! Dale Click a mis Redes Sociales:  Dale click a mi Tienda Virtual  &nbsp;\" \/>\n<meta property=\"og:url\" content=\"https:\/\/pideloya.com.ve\/PixelWeb\/producto\/pi-01-3224-marlin-paduani-cafe-con-fe\/\" \/>\n<meta property=\"og:site_name\" content=\"PI WEB\" \/>\n<meta property=\"article:modified_time\" content=\"2024-06-18T15:13:22+00:00\" \/>\n<meta property=\"og:image\" content=\"https:\/\/pideloya.com.ve\/PixelWeb\/wp-content\/uploads\/2023\/10\/photo_5073601857418537830_y.jpg\" \/>\n\t<meta property=\"og:image:width\" content=\"1280\" \/>\n\t<meta property=\"og:image:height\" content=\"1280\" \/>\n\t<meta property=\"og:image:type\" content=\"image\/jpeg\" \/>\n<meta name=\"twitter:card\" content=\"summary_large_image\" \/>\n<script type=\"application\/ld+json\" class=\"yoast-schema-graph\">{\"@context\":\"https:\/\/schema.org\",\"@graph\":[{\"@type\":\"WebPage\",\"@id\":\"https:\/\/pideloya.com.ve\/PixelWeb\/producto\/pi-01-3224-marlin-paduani-cafe-con-fe\/\",\"url\":\"https:\/\/pideloya.com.ve\/PixelWeb\/producto\/pi-01-3224-marlin-paduani-cafe-con-fe\/\",\"name\":\"Pi 01-3224: Marlin Paduani (Caf\u00e9 con Fe) - PI WEB\",\"isPartOf\":{\"@id\":\"https:\/\/pideloya.com.ve\/PixelWeb\/#website\"},\"datePublished\":\"2023-10-31T14:04:35+00:00\",\"dateModified\":\"2024-06-18T15:13:22+00:00\",\"breadcrumb\":{\"@id\":\"https:\/\/pideloya.com.ve\/PixelWeb\/producto\/pi-01-3224-marlin-paduani-cafe-con-fe\/#breadcrumb\"},\"inLanguage\":\"es\",\"potentialAction\":[{\"@type\":\"ReadAction\",\"target\":[\"https:\/\/pideloya.com.ve\/PixelWeb\/producto\/pi-01-3224-marlin-paduani-cafe-con-fe\/\"]}]},{\"@type\":\"BreadcrumbList\",\"@id\":\"https:\/\/pideloya.com.ve\/PixelWeb\/producto\/pi-01-3224-marlin-paduani-cafe-con-fe\/#breadcrumb\",\"itemListElement\":[{\"@type\":\"ListItem\",\"position\":1,\"name\":\"Portada\",\"item\":\"https:\/\/pideloya.com.ve\/PixelWeb\/\"},{\"@type\":\"ListItem\",\"position\":2,\"name\":\"Tienda\",\"item\":\"https:\/\/pideloya.com.ve\/PixelWeb\/tienda\/\"},{\"@type\":\"ListItem\",\"position\":3,\"name\":\"Pi 01-3224: Marlin Paduani (Caf\u00e9 con Fe)\"}]},{\"@type\":\"WebSite\",\"@id\":\"https:\/\/pideloya.com.ve\/PixelWeb\/#website\",\"url\":\"https:\/\/pideloya.com.ve\/PixelWeb\/\",\"name\":\"PI WEB\",\"description\":\"\",\"publisher\":{\"@id\":\"https:\/\/pideloya.com.ve\/PixelWeb\/#organization\"},\"potentialAction\":[{\"@type\":\"SearchAction\",\"target\":{\"@type\":\"EntryPoint\",\"urlTemplate\":\"https:\/\/pideloya.com.ve\/PixelWeb\/?s={search_term_string}\"},\"query-input\":\"required name=search_term_string\"}],\"inLanguage\":\"es\"},{\"@type\":\"Organization\",\"@id\":\"https:\/\/pideloya.com.ve\/PixelWeb\/#organization\",\"name\":\"PI WEB\",\"url\":\"https:\/\/pideloya.com.ve\/PixelWeb\/\",\"logo\":{\"@type\":\"ImageObject\",\"inLanguage\":\"es\",\"@id\":\"https:\/\/pideloya.com.ve\/PixelWeb\/#\/schema\/logo\/image\/\",\"url\":\"https:\/\/pideloya.com.ve\/PixelWeb\/wp-content\/uploads\/2023\/09\/Logo-Pideloya-Logo-y-Nombre.png\",\"contentUrl\":\"https:\/\/pideloya.com.ve\/PixelWeb\/wp-content\/uploads\/2023\/09\/Logo-Pideloya-Logo-y-Nombre.png\",\"width\":1763,\"height\":2171,\"caption\":\"PI WEB\"},\"image\":{\"@id\":\"https:\/\/pideloya.com.ve\/PixelWeb\/#\/schema\/logo\/image\/\"}}]}<\/script>\n<!-- \/ Yoast SEO plugin. -->","yoast_head_json":{"title":"Pi 01-3224: Marlin Paduani (Caf\u00e9 con Fe) - PI WEB","robots":{"index":"index","follow":"follow","max-snippet":"max-snippet:-1","max-image-preview":"max-image-preview:large","max-video-preview":"max-video-preview:-1"},"canonical":"https:\/\/pideloya.com.ve\/PixelWeb\/producto\/pi-01-3224-marlin-paduani-cafe-con-fe\/","og_locale":"es_ES","og_type":"article","og_title":"Pi 01-3224: Marlin Paduani (Caf\u00e9 con Fe) - PI WEB","og_description":"Ocupaci\u00f3n: Gastronom\u00eda y Postres Telefono Movil: Cont\u00e1ctame\u00a0 \u00bfBuscas un lugar donde disfrutar de un delicioso postre y una bebida refrescante? \u00a1Ven a Caf\u00e9 co Fe! Estamos ubicados en la Av. Ppal de la Urb. 27 de Febrero, Bloque 40. En nuestro local, encontrar\u00e1s una gran variedad de opciones para todos los gustos. Desde nuestros famosos caf\u00e9s, que te despertar\u00e1n por la ma\u00f1ana, hasta nuestras deliciosas barquillas, que te encantar\u00e1n a cualquier hora del d\u00eda. Tambi\u00e9n tenemos una amplia selecci\u00f3n de postres, perfectos para compartir en familia o con amigos. Prueba nuestros brownies helados, waffles con fresas o teque\u00f1os, \u00a1no te arrepentir\u00e1s! Y para los m\u00e1s peque\u00f1os, tenemos una secci\u00f3n especial de helados y paletas. \u00a1Ser\u00e1n sus favoritos! Adem\u00e1s, nuestro ambiente familiar te har\u00e1 sentir como en casa. \u00a1Ven a visitarnos y d\u00e9jate consentir! \u00a1Un caf\u00e9 te despierta, la fe te levanta! Dale Click a mis Redes Sociales:  Dale click a mi Tienda Virtual  &nbsp;","og_url":"https:\/\/pideloya.com.ve\/PixelWeb\/producto\/pi-01-3224-marlin-paduani-cafe-con-fe\/","og_site_name":"PI WEB","article_modified_time":"2024-06-18T15:13:22+00:00","og_image":[{"width":1280,"height":1280,"url":"https:\/\/pideloya.com.ve\/PixelWeb\/wp-content\/uploads\/2023\/10\/photo_5073601857418537830_y.jpg","type":"image\/jpeg"}],"twitter_card":"summary_large_image","schema":{"@context":"https:\/\/schema.org","@graph":[{"@type":"WebPage","@id":"https:\/\/pideloya.com.ve\/PixelWeb\/producto\/pi-01-3224-marlin-paduani-cafe-con-fe\/","url":"https:\/\/pideloya.com.ve\/PixelWeb\/producto\/pi-01-3224-marlin-paduani-cafe-con-fe\/","name":"Pi 01-3224: Marlin Paduani (Caf\u00e9 con Fe) - PI WEB","isPartOf":{"@id":"https:\/\/pideloya.com.ve\/PixelWeb\/#website"},"datePublished":"2023-10-31T14:04:35+00:00","dateModified":"2024-06-18T15:13:22+00:00","breadcrumb":{"@id":"https:\/\/pideloya.com.ve\/PixelWeb\/producto\/pi-01-3224-marlin-paduani-cafe-con-fe\/#breadcrumb"},"inLanguage":"es","potentialAction":[{"@type":"ReadAction","target":["https:\/\/pideloya.com.ve\/PixelWeb\/producto\/pi-01-3224-marlin-paduani-cafe-con-fe\/"]}]},{"@type":"BreadcrumbList","@id":"https:\/\/pideloya.com.ve\/PixelWeb\/producto\/pi-01-3224-marlin-paduani-cafe-con-fe\/#breadcrumb","itemListElement":[{"@type":"ListItem","position":1,"name":"Portada","item":"https:\/\/pideloya.com.ve\/PixelWeb\/"},{"@type":"ListItem","position":2,"name":"Tienda","item":"https:\/\/pideloya.com.ve\/PixelWeb\/tienda\/"},{"@type":"ListItem","position":3,"name":"Pi 01-3224: Marlin Paduani (Caf\u00e9 con Fe)"}]},{"@type":"WebSite","@id":"https:\/\/pideloya.com.ve\/PixelWeb\/#website","url":"https:\/\/pideloya.com.ve\/PixelWeb\/","name":"PI WEB","description":"","publisher":{"@id":"https:\/\/pideloya.com.ve\/PixelWeb\/#organization"},"potentialAction":[{"@type":"SearchAction","target":{"@type":"EntryPoint","urlTemplate":"https:\/\/pideloya.com.ve\/PixelWeb\/?s={search_term_string}"},"query-input":"required name=search_term_string"}],"inLanguage":"es"},{"@type":"Organization","@id":"https:\/\/pideloya.com.ve\/PixelWeb\/#organization","name":"PI WEB","url":"https:\/\/pideloya.com.ve\/PixelWeb\/","logo":{"@type":"ImageObject","inLanguage":"es","@id":"https:\/\/pideloya.com.ve\/PixelWeb\/#\/schema\/logo\/image\/","url":"https:\/\/pideloya.com.ve\/PixelWeb\/wp-content\/uploads\/2023\/09\/Logo-Pideloya-Logo-y-Nombre.png","contentUrl":"https:\/\/pideloya.com.ve\/PixelWeb\/wp-content\/uploads\/2023\/09\/Logo-Pideloya-Logo-y-Nombre.png","width":1763,"height":2171,"caption":"PI WEB"},"image":{"@id":"https:\/\/pideloya.com.ve\/PixelWeb\/#\/schema\/logo\/image\/"}}]}},"_links":{"self":[{"href":"https:\/\/pideloya.com.ve\/PixelWeb\/wp-json\/wp\/v2\/product\/156","targetHints":{"allow":["GET"]}}],"collection":[{"href":"https:\/\/pideloya.com.ve\/PixelWeb\/wp-json\/wp\/v2\/product"}],"about":[{"href":"https:\/\/pideloya.com.ve\/PixelWeb\/wp-json\/wp\/v2\/types\/product"}],"replies":[{"embeddable":true,"href":"https:\/\/pideloya.com.ve\/PixelWeb\/wp-json\/wp\/v2\/comments?post=156"}],"wp:featuredmedia":[{"embeddable":true,"href":"https:\/\/pideloya.com.ve\/PixelWeb\/wp-json\/wp\/v2\/media\/212"}],"wp:attachment":[{"href":"https:\/\/pideloya.com.ve\/PixelWeb\/wp-json\/wp\/v2\/media?parent=156"}],"wp:term":[{"taxonomy":"product_cat","embeddable":true,"href":"https:\/\/pideloya.com.ve\/PixelWeb\/wp-json\/wp\/v2\/product_cat?post=156"},{"taxonomy":"product_tag","embeddable":true,"href":"https:\/\/pideloya.com.ve\/PixelWeb\/wp-json\/wp\/v2\/product_tag?post=156"}],"curies":[{"name":"wp","href":"https:\/\/api.w.org\/{rel}","templated":true}]}}