{"id":54,"date":"2023-10-04T17:12:11","date_gmt":"2023-10-04T21:12:11","guid":{"rendered":"https:\/\/pideloya.com.ve\/PixelWeb\/?post_type=product&#038;p=54"},"modified":"2024-06-18T13:58:04","modified_gmt":"2024-06-18T17:58:04","slug":"pi-01-3200-yelitza-hernandez","status":"publish","type":"product","link":"https:\/\/pideloya.com.ve\/PixelWeb\/producto\/pi-01-3200-yelitza-hernandez\/","title":{"rendered":"Pi 01-3200: Yelitza Hern\u00e1ndez"},"content":{"rendered":"","protected":false},"excerpt":{"rendered":"<p><strong>Ocupaci\u00f3n: Maestra Chocolatera<\/strong><br \/>\n<strong>Telefono Movil: <a href=\"tel:\/\/04269122040\" target=\"_blank\" rel=\"noopener\">Cont\u00e1ctame<\/a><\/strong><\/p>\n<p><strong>\u00a1Hola! Mi nombre es Yelitza Hern\u00e1ndez, por muchos a\u00f1os he dedicado mi vida a mi familia, me encanta el comercio y en esa b\u00fasqueda encontr\u00e9 el mundo maravilloso del chocolate, mis primeros comienzos fue hace ya casi 8 a\u00f1os y d\u00f3nde he aprendido y conocido much\u00edsimas personas maravillosas, despu\u00e9s de formarme con algunos de los mejores profesores del gremio decid\u00ed emprender, actualmente llevamos un emprendimiento familiar llamado Inversiones Cacao Perla Negra 1914, C.A. d\u00f3nde realizamos chocolates de excelente calidad, elaborados desde el grano del cacao hasta la barra, nuestra misi\u00f3n es llevar un alimento convertido en chocolate, d\u00f3nde cada familia los pueda degustar, nuestra visi\u00f3n es que nuestro pa\u00eds se convierta adem\u00e1s de productor de cacao, productor de los mejores chocolates a nivel mundial.<\/strong><\/p>\n<p><strong>La evoluci\u00f3n de nuestra empresa ha sido paso a paso, pasando por el proceso de molino con la realizaci\u00f3n de unas barras m\u00e1s artesanales, actualmente hemos podido avanzar y adquirir nuevas tecnolog\u00edas para llevar nuestros productos a un nivel m\u00e1s alto y por ende m\u00e1s fino, esto nos da la confianza y seguridad para que nuestros clientes siempre reciban mejores productos cada d\u00eda.<\/strong><\/p>\n<p style=\"text-align: center;\"><strong>Dale click a mis Redes Sociales:<\/strong><\/p>\n<p style=\"text-align: center;\"><strong><a href=\"https:\/\/www.facebook.com\/people\/Cacao-Perla-Negra\/100064046894112\/?locale=es_LA&amp;paipv=0&amp;eav=AfYGvMvZpp9GADzy8fngO9yX4ydMlrwNNKLGrL0tW8CE2w0zT0fY7wy3FVa92acMdhg&amp;_rdr\" target=\"_blank\" rel=\"noopener\"><img decoding=\"async\" class=\"wp-image-4551\" src=\"https:\/\/www.pideloya.com.ve\/wp-content\/uploads\/2023\/09\/Logo_de_Facebook.png\" alt=\"Cacao Perla Negra\" width=\"51\" height=\"51\" \/><\/a><a href=\"https:\/\/www.instagram.com\/cacaoperlanegra\/?hl=es\" target=\"_blank\" rel=\"noopener\"><img decoding=\"async\" class=\"alignnone wp-image-4552\" src=\"https:\/\/www.pideloya.com.ve\/wp-content\/uploads\/2023\/09\/Instagram_logo_2016.svg_.png\" alt=\"@Cacaoperlanegra\" width=\"51\" height=\"51\" \/><\/a><\/strong><\/p>\n<p style=\"text-align: center;\"><span style=\"color: #000000;\"><strong>Dale click a mi Tienda Virtual<\/strong><\/span><\/p>\n<p style=\"text-align: center;\"><a href=\"https:\/\/www.pideloya.com.ve\/\" target=\"_blank\" rel=\"noopener\"><strong><img decoding=\"async\" class=\"alignnone wp-image-2187\" src=\"https:\/\/www.pideloya.com.ve\/wp-content\/uploads\/2023\/05\/MANITO-HACIA-ABAJO.jpg\" alt=\"\" width=\"80\" height=\"80\" \/><\/strong><\/a><\/p>\n<p><a href=\"https:\/\/www.pideloya.com.ve\/categoria-producto\/cacao-perla-negra-1914\/?orderby=price\" target=\"_blank\" rel=\"noopener\"><img loading=\"lazy\" decoding=\"async\" class=\"wp-image-33 aligncenter\" src=\"https:\/\/pideloya.com.ve\/PixelWeb\/wp-content\/uploads\/2023\/09\/LOGO-CON-NOMBRE-PIDELOYA-3.0-300x256.png\" alt=\"\" width=\"140\" height=\"119\" srcset=\"https:\/\/pideloya.com.ve\/PixelWeb\/wp-content\/uploads\/2023\/09\/LOGO-CON-NOMBRE-PIDELOYA-3.0-300x256.png 300w, https:\/\/pideloya.com.ve\/PixelWeb\/wp-content\/uploads\/2023\/09\/LOGO-CON-NOMBRE-PIDELOYA-3.0-768x656.png 768w, https:\/\/pideloya.com.ve\/PixelWeb\/wp-content\/uploads\/2023\/09\/LOGO-CON-NOMBRE-PIDELOYA-3.0-600x512.png 600w, https:\/\/pideloya.com.ve\/PixelWeb\/wp-content\/uploads\/2023\/09\/LOGO-CON-NOMBRE-PIDELOYA-3.0.png 903w\" sizes=\"(max-width: 140px) 100vw, 140px\" \/><\/a><\/p>\n","protected":false},"featured_media":55,"comment_status":"open","ping_status":"closed","template":"","meta":[],"product_cat":[19],"product_tag":[],"class_list":{"0":"post-54","1":"product","2":"type-product","3":"status-publish","4":"has-post-thumbnail","6":"product_cat-zpi","8":"first","9":"instock","10":"shipping-taxable","11":"product-type-simple"},"yoast_head":"<!-- This site is optimized with the Yoast SEO plugin v21.3 - https:\/\/yoast.com\/wordpress\/plugins\/seo\/ -->\n<title>Pi 01-3200: Yelitza Hern\u00e1ndez - PI WEB<\/title>\n<meta name=\"robots\" content=\"index, follow, max-snippet:-1, max-image-preview:large, max-video-preview:-1\" \/>\n<link rel=\"canonical\" href=\"https:\/\/pideloya.com.ve\/PixelWeb\/producto\/pi-01-3200-yelitza-hernandez\/\" \/>\n<meta property=\"og:locale\" content=\"es_ES\" \/>\n<meta property=\"og:type\" content=\"article\" \/>\n<meta property=\"og:title\" content=\"Pi 01-3200: Yelitza Hern\u00e1ndez - PI WEB\" \/>\n<meta property=\"og:description\" content=\"Ocupaci\u00f3n: Maestra Chocolatera Telefono Movil: Cont\u00e1ctame  \u00a1Hola! Mi nombre es Yelitza Hern\u00e1ndez, por muchos a\u00f1os he dedicado mi vida a mi familia, me encanta el comercio y en esa b\u00fasqueda encontr\u00e9 el mundo maravilloso del chocolate, mis primeros comienzos fue hace ya casi 8 a\u00f1os y d\u00f3nde he aprendido y conocido much\u00edsimas personas maravillosas, despu\u00e9s de formarme con algunos de los mejores profesores del gremio decid\u00ed emprender, actualmente llevamos un emprendimiento familiar llamado Inversiones Cacao Perla Negra 1914, C.A. d\u00f3nde realizamos chocolates de excelente calidad, elaborados desde el grano del cacao hasta la barra, nuestra misi\u00f3n es llevar un alimento convertido en chocolate, d\u00f3nde cada familia los pueda degustar, nuestra visi\u00f3n es que nuestro pa\u00eds se convierta adem\u00e1s de productor de cacao, productor de los mejores chocolates a nivel mundial.  La evoluci\u00f3n de nuestra empresa ha sido paso a paso, pasando por el proceso de molino con la realizaci\u00f3n de unas barras m\u00e1s artesanales, actualmente hemos podido avanzar y adquirir nuevas tecnolog\u00edas para llevar nuestros productos a un nivel m\u00e1s alto y por ende m\u00e1s fino, esto nos da la confianza y seguridad para que nuestros clientes siempre reciban mejores productos cada d\u00eda. Dale click a mis Redes Sociales:  Dale click a mi Tienda Virtual\" \/>\n<meta property=\"og:url\" content=\"https:\/\/pideloya.com.ve\/PixelWeb\/producto\/pi-01-3200-yelitza-hernandez\/\" \/>\n<meta property=\"og:site_name\" content=\"PI WEB\" \/>\n<meta property=\"article:modified_time\" content=\"2024-06-18T17:58:04+00:00\" \/>\n<meta property=\"og:image\" content=\"https:\/\/pideloya.com.ve\/PixelWeb\/wp-content\/uploads\/2023\/10\/WhatsApp-Image-2023-09-05-at-11.45.44-AM.jpeg\" \/>\n\t<meta property=\"og:image:width\" content=\"1280\" \/>\n\t<meta property=\"og:image:height\" content=\"1196\" \/>\n\t<meta property=\"og:image:type\" content=\"image\/jpeg\" \/>\n<meta name=\"twitter:card\" content=\"summary_large_image\" \/>\n<script type=\"application\/ld+json\" class=\"yoast-schema-graph\">{\"@context\":\"https:\/\/schema.org\",\"@graph\":[{\"@type\":\"WebPage\",\"@id\":\"https:\/\/pideloya.com.ve\/PixelWeb\/producto\/pi-01-3200-yelitza-hernandez\/\",\"url\":\"https:\/\/pideloya.com.ve\/PixelWeb\/producto\/pi-01-3200-yelitza-hernandez\/\",\"name\":\"Pi 01-3200: Yelitza Hern\u00e1ndez - PI WEB\",\"isPartOf\":{\"@id\":\"https:\/\/pideloya.com.ve\/PixelWeb\/#website\"},\"datePublished\":\"2023-10-04T21:12:11+00:00\",\"dateModified\":\"2024-06-18T17:58:04+00:00\",\"breadcrumb\":{\"@id\":\"https:\/\/pideloya.com.ve\/PixelWeb\/producto\/pi-01-3200-yelitza-hernandez\/#breadcrumb\"},\"inLanguage\":\"es\",\"potentialAction\":[{\"@type\":\"ReadAction\",\"target\":[\"https:\/\/pideloya.com.ve\/PixelWeb\/producto\/pi-01-3200-yelitza-hernandez\/\"]}]},{\"@type\":\"BreadcrumbList\",\"@id\":\"https:\/\/pideloya.com.ve\/PixelWeb\/producto\/pi-01-3200-yelitza-hernandez\/#breadcrumb\",\"itemListElement\":[{\"@type\":\"ListItem\",\"position\":1,\"name\":\"Portada\",\"item\":\"https:\/\/pideloya.com.ve\/PixelWeb\/\"},{\"@type\":\"ListItem\",\"position\":2,\"name\":\"Tienda\",\"item\":\"https:\/\/pideloya.com.ve\/PixelWeb\/tienda\/\"},{\"@type\":\"ListItem\",\"position\":3,\"name\":\"Pi 01-3200: Yelitza Hern\u00e1ndez\"}]},{\"@type\":\"WebSite\",\"@id\":\"https:\/\/pideloya.com.ve\/PixelWeb\/#website\",\"url\":\"https:\/\/pideloya.com.ve\/PixelWeb\/\",\"name\":\"PI WEB\",\"description\":\"\",\"publisher\":{\"@id\":\"https:\/\/pideloya.com.ve\/PixelWeb\/#organization\"},\"potentialAction\":[{\"@type\":\"SearchAction\",\"target\":{\"@type\":\"EntryPoint\",\"urlTemplate\":\"https:\/\/pideloya.com.ve\/PixelWeb\/?s={search_term_string}\"},\"query-input\":\"required name=search_term_string\"}],\"inLanguage\":\"es\"},{\"@type\":\"Organization\",\"@id\":\"https:\/\/pideloya.com.ve\/PixelWeb\/#organization\",\"name\":\"PI WEB\",\"url\":\"https:\/\/pideloya.com.ve\/PixelWeb\/\",\"logo\":{\"@type\":\"ImageObject\",\"inLanguage\":\"es\",\"@id\":\"https:\/\/pideloya.com.ve\/PixelWeb\/#\/schema\/logo\/image\/\",\"url\":\"https:\/\/pideloya.com.ve\/PixelWeb\/wp-content\/uploads\/2023\/09\/Logo-Pideloya-Logo-y-Nombre.png\",\"contentUrl\":\"https:\/\/pideloya.com.ve\/PixelWeb\/wp-content\/uploads\/2023\/09\/Logo-Pideloya-Logo-y-Nombre.png\",\"width\":1763,\"height\":2171,\"caption\":\"PI WEB\"},\"image\":{\"@id\":\"https:\/\/pideloya.com.ve\/PixelWeb\/#\/schema\/logo\/image\/\"}}]}<\/script>\n<!-- \/ Yoast SEO plugin. -->","yoast_head_json":{"title":"Pi 01-3200: Yelitza Hern\u00e1ndez - PI WEB","robots":{"index":"index","follow":"follow","max-snippet":"max-snippet:-1","max-image-preview":"max-image-preview:large","max-video-preview":"max-video-preview:-1"},"canonical":"https:\/\/pideloya.com.ve\/PixelWeb\/producto\/pi-01-3200-yelitza-hernandez\/","og_locale":"es_ES","og_type":"article","og_title":"Pi 01-3200: Yelitza Hern\u00e1ndez - PI WEB","og_description":"Ocupaci\u00f3n: Maestra Chocolatera Telefono Movil: Cont\u00e1ctame  \u00a1Hola! Mi nombre es Yelitza Hern\u00e1ndez, por muchos a\u00f1os he dedicado mi vida a mi familia, me encanta el comercio y en esa b\u00fasqueda encontr\u00e9 el mundo maravilloso del chocolate, mis primeros comienzos fue hace ya casi 8 a\u00f1os y d\u00f3nde he aprendido y conocido much\u00edsimas personas maravillosas, despu\u00e9s de formarme con algunos de los mejores profesores del gremio decid\u00ed emprender, actualmente llevamos un emprendimiento familiar llamado Inversiones Cacao Perla Negra 1914, C.A. d\u00f3nde realizamos chocolates de excelente calidad, elaborados desde el grano del cacao hasta la barra, nuestra misi\u00f3n es llevar un alimento convertido en chocolate, d\u00f3nde cada familia los pueda degustar, nuestra visi\u00f3n es que nuestro pa\u00eds se convierta adem\u00e1s de productor de cacao, productor de los mejores chocolates a nivel mundial.  La evoluci\u00f3n de nuestra empresa ha sido paso a paso, pasando por el proceso de molino con la realizaci\u00f3n de unas barras m\u00e1s artesanales, actualmente hemos podido avanzar y adquirir nuevas tecnolog\u00edas para llevar nuestros productos a un nivel m\u00e1s alto y por ende m\u00e1s fino, esto nos da la confianza y seguridad para que nuestros clientes siempre reciban mejores productos cada d\u00eda. Dale click a mis Redes Sociales:  Dale click a mi Tienda Virtual","og_url":"https:\/\/pideloya.com.ve\/PixelWeb\/producto\/pi-01-3200-yelitza-hernandez\/","og_site_name":"PI WEB","article_modified_time":"2024-06-18T17:58:04+00:00","og_image":[{"width":1280,"height":1196,"url":"https:\/\/pideloya.com.ve\/PixelWeb\/wp-content\/uploads\/2023\/10\/WhatsApp-Image-2023-09-05-at-11.45.44-AM.jpeg","type":"image\/jpeg"}],"twitter_card":"summary_large_image","schema":{"@context":"https:\/\/schema.org","@graph":[{"@type":"WebPage","@id":"https:\/\/pideloya.com.ve\/PixelWeb\/producto\/pi-01-3200-yelitza-hernandez\/","url":"https:\/\/pideloya.com.ve\/PixelWeb\/producto\/pi-01-3200-yelitza-hernandez\/","name":"Pi 01-3200: Yelitza Hern\u00e1ndez - PI WEB","isPartOf":{"@id":"https:\/\/pideloya.com.ve\/PixelWeb\/#website"},"datePublished":"2023-10-04T21:12:11+00:00","dateModified":"2024-06-18T17:58:04+00:00","breadcrumb":{"@id":"https:\/\/pideloya.com.ve\/PixelWeb\/producto\/pi-01-3200-yelitza-hernandez\/#breadcrumb"},"inLanguage":"es","potentialAction":[{"@type":"ReadAction","target":["https:\/\/pideloya.com.ve\/PixelWeb\/producto\/pi-01-3200-yelitza-hernandez\/"]}]},{"@type":"BreadcrumbList","@id":"https:\/\/pideloya.com.ve\/PixelWeb\/producto\/pi-01-3200-yelitza-hernandez\/#breadcrumb","itemListElement":[{"@type":"ListItem","position":1,"name":"Portada","item":"https:\/\/pideloya.com.ve\/PixelWeb\/"},{"@type":"ListItem","position":2,"name":"Tienda","item":"https:\/\/pideloya.com.ve\/PixelWeb\/tienda\/"},{"@type":"ListItem","position":3,"name":"Pi 01-3200: Yelitza Hern\u00e1ndez"}]},{"@type":"WebSite","@id":"https:\/\/pideloya.com.ve\/PixelWeb\/#website","url":"https:\/\/pideloya.com.ve\/PixelWeb\/","name":"PI WEB","description":"","publisher":{"@id":"https:\/\/pideloya.com.ve\/PixelWeb\/#organization"},"potentialAction":[{"@type":"SearchAction","target":{"@type":"EntryPoint","urlTemplate":"https:\/\/pideloya.com.ve\/PixelWeb\/?s={search_term_string}"},"query-input":"required name=search_term_string"}],"inLanguage":"es"},{"@type":"Organization","@id":"https:\/\/pideloya.com.ve\/PixelWeb\/#organization","name":"PI WEB","url":"https:\/\/pideloya.com.ve\/PixelWeb\/","logo":{"@type":"ImageObject","inLanguage":"es","@id":"https:\/\/pideloya.com.ve\/PixelWeb\/#\/schema\/logo\/image\/","url":"https:\/\/pideloya.com.ve\/PixelWeb\/wp-content\/uploads\/2023\/09\/Logo-Pideloya-Logo-y-Nombre.png","contentUrl":"https:\/\/pideloya.com.ve\/PixelWeb\/wp-content\/uploads\/2023\/09\/Logo-Pideloya-Logo-y-Nombre.png","width":1763,"height":2171,"caption":"PI WEB"},"image":{"@id":"https:\/\/pideloya.com.ve\/PixelWeb\/#\/schema\/logo\/image\/"}}]}},"_links":{"self":[{"href":"https:\/\/pideloya.com.ve\/PixelWeb\/wp-json\/wp\/v2\/product\/54","targetHints":{"allow":["GET"]}}],"collection":[{"href":"https:\/\/pideloya.com.ve\/PixelWeb\/wp-json\/wp\/v2\/product"}],"about":[{"href":"https:\/\/pideloya.com.ve\/PixelWeb\/wp-json\/wp\/v2\/types\/product"}],"replies":[{"embeddable":true,"href":"https:\/\/pideloya.com.ve\/PixelWeb\/wp-json\/wp\/v2\/comments?post=54"}],"wp:featuredmedia":[{"embeddable":true,"href":"https:\/\/pideloya.com.ve\/PixelWeb\/wp-json\/wp\/v2\/media\/55"}],"wp:attachment":[{"href":"https:\/\/pideloya.com.ve\/PixelWeb\/wp-json\/wp\/v2\/media?parent=54"}],"wp:term":[{"taxonomy":"product_cat","embeddable":true,"href":"https:\/\/pideloya.com.ve\/PixelWeb\/wp-json\/wp\/v2\/product_cat?post=54"},{"taxonomy":"product_tag","embeddable":true,"href":"https:\/\/pideloya.com.ve\/PixelWeb\/wp-json\/wp\/v2\/product_tag?post=54"}],"curies":[{"name":"wp","href":"https:\/\/api.w.org\/{rel}","templated":true}]}}