{"id":69,"date":"2023-10-05T10:39:06","date_gmt":"2023-10-05T14:39:06","guid":{"rendered":"https:\/\/pideloya.com.ve\/PixelWeb\/?post_type=product&#038;p=69"},"modified":"2024-06-18T13:15:43","modified_gmt":"2024-06-18T17:15:43","slug":"pi-01-3206-manuel-lopez","status":"publish","type":"product","link":"https:\/\/pideloya.com.ve\/PixelWeb\/producto\/pi-01-3206-manuel-lopez\/","title":{"rendered":"Pi 01-3206: Manuel L\u00f3pez"},"content":{"rendered":"<p><strong>Para poder contactar directamente al usuario del (PI) por Email, es fundamental contar con una aplicaci\u00f3n de correo electr\u00f3nico en su sistema operativo. Puede optar por utilizar programas de correo como Microsoft Outlook en Windows o el navegador Firefox.<\/strong><\/p>\n<p><strong> Alternativamente, si prefiere otra soluci\u00f3n, puede simplemente escanear el C\u00f3digo Qr que lo redireccionara a este mismo sitio y puede enviar el correo desde su Tel\u00e9fono Inteligente.<\/strong><\/p>\n<p><img decoding=\"async\" class=\"alignnone size-medium wp-image-71\" src=\"https:\/\/pideloya.com.ve\/PixelWeb\/wp-content\/uploads\/2023\/10\/October5-104832AM-300x300.png\" alt=\"\" width=\"180\" height=\"180\" srcset=\"https:\/\/pideloya.com.ve\/PixelWeb\/wp-content\/uploads\/2023\/10\/October5-104832AM-300x300.png 300w, https:\/\/pideloya.com.ve\/PixelWeb\/wp-content\/uploads\/2023\/10\/October5-104832AM-150x150.png 150w, https:\/\/pideloya.com.ve\/PixelWeb\/wp-content\/uploads\/2023\/10\/October5-104832AM-768x768.png 768w, https:\/\/pideloya.com.ve\/PixelWeb\/wp-content\/uploads\/2023\/10\/October5-104832AM-600x600.png 600w, https:\/\/pideloya.com.ve\/PixelWeb\/wp-content\/uploads\/2023\/10\/October5-104832AM-100x100.png 100w, https:\/\/pideloya.com.ve\/PixelWeb\/wp-content\/uploads\/2023\/10\/October5-104832AM.png 800w\" sizes=\"(max-width: 180px) 100vw, 180px\" \/><\/p>\n<p><strong>S\u00ed cuenta con alguna de estas ociones dar click a la imagen<\/strong><\/p>\n<p><a href=\"mailto:manuelmaster71@hotmail.com?subject=Solicitud%20de%20Servicio&amp;body=Hola%2C%20te%20contacto%20desde%20tu%20Pi\" target=\"_blank\" rel=\"noopener\"><img decoding=\"async\" class=\"alignnone wp-image-4659\" src=\"https:\/\/www.pideloya.com.ve\/wp-content\/uploads\/2023\/09\/PhotoRoom-20230928_113249.png\" alt=\"\" width=\"80\" height=\"80\" \/><\/a><\/p>\n<p>&nbsp;<\/p>\n","protected":false},"excerpt":{"rendered":"<p><strong>Ocupaci\u00f3n: Gerente Ejecutivo<\/strong><br \/>\n<strong>Telefono Movil: <a href=\"tel:\/\/04126156461\" target=\"_blank\" rel=\"noopener\">Cont\u00e1ctame<\/a><\/strong><\/p>\n<p><strong>M&amp;E Fumigaciones 2022 es l\u00edder en el control de plagas, estamos especializados en eliminar plagas rastreras y voladoras, incluyendo ratas y ratones. Conf\u00ede en nuestra experiencia para proteger su entorno.<\/strong><\/p>\n<p style=\"text-align: center;\"><strong>Dale Click a mis Redes Sociales:<\/strong><\/p>\n<p style=\"text-align: center;\"><a href=\"#redirige-aqui\"><img decoding=\"async\" class=\"alignnone wp-image-4659\" src=\"https:\/\/www.pideloya.com.ve\/wp-content\/uploads\/2023\/09\/PhotoRoom-20230928_113249.png\" alt=\"\" width=\"50\" height=\"50\" \/><\/a><\/p>\n<p id=\"redirige-aqui\" style=\"text-align: center;\"><strong>Dale click a mi Tienda Virtual<br \/>\n<\/strong><a href=\"https:\/\/www.pideloya.com.ve\/\" target=\"_blank\" rel=\"noopener\"><strong><img loading=\"lazy\" decoding=\"async\" class=\"alignnone wp-image-2187\" src=\"https:\/\/www.pideloya.com.ve\/wp-content\/uploads\/2023\/05\/MANITO-HACIA-ABAJO.jpg\" alt=\"\" width=\"80\" height=\"80\" \/><\/strong><\/a><a href=\"https:\/\/pideloya.com.ve\/PixelWeb\/categoria-producto\/no-hay-tienda\/\" target=\"_blank\" rel=\"noopener\"><img loading=\"lazy\" decoding=\"async\" class=\"wp-image-33 aligncenter\" src=\"https:\/\/pideloya.com.ve\/PixelWeb\/wp-content\/uploads\/2023\/09\/LOGO-CON-NOMBRE-PIDELOYA-3.0-300x256.png\" alt=\"\" width=\"140\" height=\"119\" srcset=\"https:\/\/pideloya.com.ve\/PixelWeb\/wp-content\/uploads\/2023\/09\/LOGO-CON-NOMBRE-PIDELOYA-3.0-300x256.png 300w, https:\/\/pideloya.com.ve\/PixelWeb\/wp-content\/uploads\/2023\/09\/LOGO-CON-NOMBRE-PIDELOYA-3.0-768x656.png 768w, https:\/\/pideloya.com.ve\/PixelWeb\/wp-content\/uploads\/2023\/09\/LOGO-CON-NOMBRE-PIDELOYA-3.0-600x512.png 600w, https:\/\/pideloya.com.ve\/PixelWeb\/wp-content\/uploads\/2023\/09\/LOGO-CON-NOMBRE-PIDELOYA-3.0.png 903w\" sizes=\"(max-width: 140px) 100vw, 140px\" \/><\/a><\/p>\n","protected":false},"featured_media":70,"comment_status":"open","ping_status":"closed","template":"","meta":[],"product_cat":[19],"product_tag":[],"class_list":{"0":"post-69","1":"product","2":"type-product","3":"status-publish","4":"has-post-thumbnail","6":"product_cat-zpi","8":"first","9":"instock","10":"shipping-taxable","11":"product-type-simple"},"yoast_head":"<!-- This site is optimized with the Yoast SEO plugin v21.3 - https:\/\/yoast.com\/wordpress\/plugins\/seo\/ -->\n<title>Pi 01-3206: Manuel L\u00f3pez - PI WEB<\/title>\n<meta name=\"robots\" content=\"index, follow, max-snippet:-1, max-image-preview:large, max-video-preview:-1\" \/>\n<link rel=\"canonical\" href=\"https:\/\/pideloya.com.ve\/PixelWeb\/producto\/pi-01-3206-manuel-lopez\/\" \/>\n<meta property=\"og:locale\" content=\"es_ES\" \/>\n<meta property=\"og:type\" content=\"article\" \/>\n<meta property=\"og:title\" content=\"Pi 01-3206: Manuel L\u00f3pez - PI WEB\" \/>\n<meta property=\"og:description\" content=\"Ocupaci\u00f3n: Gerente Ejecutivo Telefono Movil: Cont\u00e1ctame  M&amp;E Fumigaciones 2022 es l\u00edder en el control de plagas, estamos especializados en eliminar plagas rastreras y voladoras, incluyendo ratas y ratones. Conf\u00ede en nuestra experiencia para proteger su entorno. Dale Click a mis Redes Sociales:  Dale click a mi Tienda Virtual\" \/>\n<meta property=\"og:url\" content=\"https:\/\/pideloya.com.ve\/PixelWeb\/producto\/pi-01-3206-manuel-lopez\/\" \/>\n<meta property=\"og:site_name\" content=\"PI WEB\" \/>\n<meta property=\"article:modified_time\" content=\"2024-06-18T17:15:43+00:00\" \/>\n<meta property=\"og:image\" content=\"https:\/\/pideloya.com.ve\/PixelWeb\/wp-content\/uploads\/2023\/10\/LOGO-DE-ME-FUMIGACIONES-2022-400-X-750.png\" \/>\n\t<meta property=\"og:image:width\" content=\"400\" \/>\n\t<meta property=\"og:image:height\" content=\"703\" \/>\n\t<meta property=\"og:image:type\" content=\"image\/png\" \/>\n<meta name=\"twitter:card\" content=\"summary_large_image\" \/>\n<meta name=\"twitter:label1\" content=\"Tiempo estimado de lectura\" \/>\n\t<meta name=\"twitter:data1\" content=\"1 minuto\" \/>\n<script type=\"application\/ld+json\" class=\"yoast-schema-graph\">{\"@context\":\"https:\/\/schema.org\",\"@graph\":[{\"@type\":\"WebPage\",\"@id\":\"https:\/\/pideloya.com.ve\/PixelWeb\/producto\/pi-01-3206-manuel-lopez\/\",\"url\":\"https:\/\/pideloya.com.ve\/PixelWeb\/producto\/pi-01-3206-manuel-lopez\/\",\"name\":\"Pi 01-3206: Manuel L\u00f3pez - PI WEB\",\"isPartOf\":{\"@id\":\"https:\/\/pideloya.com.ve\/PixelWeb\/#website\"},\"datePublished\":\"2023-10-05T14:39:06+00:00\",\"dateModified\":\"2024-06-18T17:15:43+00:00\",\"breadcrumb\":{\"@id\":\"https:\/\/pideloya.com.ve\/PixelWeb\/producto\/pi-01-3206-manuel-lopez\/#breadcrumb\"},\"inLanguage\":\"es\",\"potentialAction\":[{\"@type\":\"ReadAction\",\"target\":[\"https:\/\/pideloya.com.ve\/PixelWeb\/producto\/pi-01-3206-manuel-lopez\/\"]}]},{\"@type\":\"BreadcrumbList\",\"@id\":\"https:\/\/pideloya.com.ve\/PixelWeb\/producto\/pi-01-3206-manuel-lopez\/#breadcrumb\",\"itemListElement\":[{\"@type\":\"ListItem\",\"position\":1,\"name\":\"Portada\",\"item\":\"https:\/\/pideloya.com.ve\/PixelWeb\/\"},{\"@type\":\"ListItem\",\"position\":2,\"name\":\"Tienda\",\"item\":\"https:\/\/pideloya.com.ve\/PixelWeb\/tienda\/\"},{\"@type\":\"ListItem\",\"position\":3,\"name\":\"Pi 01-3206: Manuel L\u00f3pez\"}]},{\"@type\":\"WebSite\",\"@id\":\"https:\/\/pideloya.com.ve\/PixelWeb\/#website\",\"url\":\"https:\/\/pideloya.com.ve\/PixelWeb\/\",\"name\":\"PI WEB\",\"description\":\"\",\"publisher\":{\"@id\":\"https:\/\/pideloya.com.ve\/PixelWeb\/#organization\"},\"potentialAction\":[{\"@type\":\"SearchAction\",\"target\":{\"@type\":\"EntryPoint\",\"urlTemplate\":\"https:\/\/pideloya.com.ve\/PixelWeb\/?s={search_term_string}\"},\"query-input\":\"required name=search_term_string\"}],\"inLanguage\":\"es\"},{\"@type\":\"Organization\",\"@id\":\"https:\/\/pideloya.com.ve\/PixelWeb\/#organization\",\"name\":\"PI WEB\",\"url\":\"https:\/\/pideloya.com.ve\/PixelWeb\/\",\"logo\":{\"@type\":\"ImageObject\",\"inLanguage\":\"es\",\"@id\":\"https:\/\/pideloya.com.ve\/PixelWeb\/#\/schema\/logo\/image\/\",\"url\":\"https:\/\/pideloya.com.ve\/PixelWeb\/wp-content\/uploads\/2023\/09\/Logo-Pideloya-Logo-y-Nombre.png\",\"contentUrl\":\"https:\/\/pideloya.com.ve\/PixelWeb\/wp-content\/uploads\/2023\/09\/Logo-Pideloya-Logo-y-Nombre.png\",\"width\":1763,\"height\":2171,\"caption\":\"PI WEB\"},\"image\":{\"@id\":\"https:\/\/pideloya.com.ve\/PixelWeb\/#\/schema\/logo\/image\/\"}}]}<\/script>\n<!-- \/ Yoast SEO plugin. -->","yoast_head_json":{"title":"Pi 01-3206: Manuel L\u00f3pez - PI WEB","robots":{"index":"index","follow":"follow","max-snippet":"max-snippet:-1","max-image-preview":"max-image-preview:large","max-video-preview":"max-video-preview:-1"},"canonical":"https:\/\/pideloya.com.ve\/PixelWeb\/producto\/pi-01-3206-manuel-lopez\/","og_locale":"es_ES","og_type":"article","og_title":"Pi 01-3206: Manuel L\u00f3pez - PI WEB","og_description":"Ocupaci\u00f3n: Gerente Ejecutivo Telefono Movil: Cont\u00e1ctame  M&amp;E Fumigaciones 2022 es l\u00edder en el control de plagas, estamos especializados en eliminar plagas rastreras y voladoras, incluyendo ratas y ratones. Conf\u00ede en nuestra experiencia para proteger su entorno. Dale Click a mis Redes Sociales:  Dale click a mi Tienda Virtual","og_url":"https:\/\/pideloya.com.ve\/PixelWeb\/producto\/pi-01-3206-manuel-lopez\/","og_site_name":"PI WEB","article_modified_time":"2024-06-18T17:15:43+00:00","og_image":[{"width":400,"height":703,"url":"https:\/\/pideloya.com.ve\/PixelWeb\/wp-content\/uploads\/2023\/10\/LOGO-DE-ME-FUMIGACIONES-2022-400-X-750.png","type":"image\/png"}],"twitter_card":"summary_large_image","twitter_misc":{"Tiempo estimado de lectura":"1 minuto"},"schema":{"@context":"https:\/\/schema.org","@graph":[{"@type":"WebPage","@id":"https:\/\/pideloya.com.ve\/PixelWeb\/producto\/pi-01-3206-manuel-lopez\/","url":"https:\/\/pideloya.com.ve\/PixelWeb\/producto\/pi-01-3206-manuel-lopez\/","name":"Pi 01-3206: Manuel L\u00f3pez - PI WEB","isPartOf":{"@id":"https:\/\/pideloya.com.ve\/PixelWeb\/#website"},"datePublished":"2023-10-05T14:39:06+00:00","dateModified":"2024-06-18T17:15:43+00:00","breadcrumb":{"@id":"https:\/\/pideloya.com.ve\/PixelWeb\/producto\/pi-01-3206-manuel-lopez\/#breadcrumb"},"inLanguage":"es","potentialAction":[{"@type":"ReadAction","target":["https:\/\/pideloya.com.ve\/PixelWeb\/producto\/pi-01-3206-manuel-lopez\/"]}]},{"@type":"BreadcrumbList","@id":"https:\/\/pideloya.com.ve\/PixelWeb\/producto\/pi-01-3206-manuel-lopez\/#breadcrumb","itemListElement":[{"@type":"ListItem","position":1,"name":"Portada","item":"https:\/\/pideloya.com.ve\/PixelWeb\/"},{"@type":"ListItem","position":2,"name":"Tienda","item":"https:\/\/pideloya.com.ve\/PixelWeb\/tienda\/"},{"@type":"ListItem","position":3,"name":"Pi 01-3206: Manuel L\u00f3pez"}]},{"@type":"WebSite","@id":"https:\/\/pideloya.com.ve\/PixelWeb\/#website","url":"https:\/\/pideloya.com.ve\/PixelWeb\/","name":"PI WEB","description":"","publisher":{"@id":"https:\/\/pideloya.com.ve\/PixelWeb\/#organization"},"potentialAction":[{"@type":"SearchAction","target":{"@type":"EntryPoint","urlTemplate":"https:\/\/pideloya.com.ve\/PixelWeb\/?s={search_term_string}"},"query-input":"required name=search_term_string"}],"inLanguage":"es"},{"@type":"Organization","@id":"https:\/\/pideloya.com.ve\/PixelWeb\/#organization","name":"PI WEB","url":"https:\/\/pideloya.com.ve\/PixelWeb\/","logo":{"@type":"ImageObject","inLanguage":"es","@id":"https:\/\/pideloya.com.ve\/PixelWeb\/#\/schema\/logo\/image\/","url":"https:\/\/pideloya.com.ve\/PixelWeb\/wp-content\/uploads\/2023\/09\/Logo-Pideloya-Logo-y-Nombre.png","contentUrl":"https:\/\/pideloya.com.ve\/PixelWeb\/wp-content\/uploads\/2023\/09\/Logo-Pideloya-Logo-y-Nombre.png","width":1763,"height":2171,"caption":"PI WEB"},"image":{"@id":"https:\/\/pideloya.com.ve\/PixelWeb\/#\/schema\/logo\/image\/"}}]}},"_links":{"self":[{"href":"https:\/\/pideloya.com.ve\/PixelWeb\/wp-json\/wp\/v2\/product\/69","targetHints":{"allow":["GET"]}}],"collection":[{"href":"https:\/\/pideloya.com.ve\/PixelWeb\/wp-json\/wp\/v2\/product"}],"about":[{"href":"https:\/\/pideloya.com.ve\/PixelWeb\/wp-json\/wp\/v2\/types\/product"}],"replies":[{"embeddable":true,"href":"https:\/\/pideloya.com.ve\/PixelWeb\/wp-json\/wp\/v2\/comments?post=69"}],"wp:featuredmedia":[{"embeddable":true,"href":"https:\/\/pideloya.com.ve\/PixelWeb\/wp-json\/wp\/v2\/media\/70"}],"wp:attachment":[{"href":"https:\/\/pideloya.com.ve\/PixelWeb\/wp-json\/wp\/v2\/media?parent=69"}],"wp:term":[{"taxonomy":"product_cat","embeddable":true,"href":"https:\/\/pideloya.com.ve\/PixelWeb\/wp-json\/wp\/v2\/product_cat?post=69"},{"taxonomy":"product_tag","embeddable":true,"href":"https:\/\/pideloya.com.ve\/PixelWeb\/wp-json\/wp\/v2\/product_tag?post=69"}],"curies":[{"name":"wp","href":"https:\/\/api.w.org\/{rel}","templated":true}]}}